{"id":421894,"date":"2025-10-25T12:05:05","date_gmt":"2025-10-25T12:05:05","guid":{"rendered":"https:\/\/raktoras.lt\/product\/papr-sistemos-a6-priesfiltris-5vnt\/"},"modified":"2025-11-17T17:39:37","modified_gmt":"2025-11-17T17:39:37","slug":"papr-sistemos-a6-priesfiltris-5vnt","status":"publish","type":"product","link":"https:\/\/raktoras.lt\/ru\/product\/papr-sistemos-a6-priesfiltris-5vnt\/","title":{"rendered":"PAPR sistemos A6 prie\u0161filtris 5vnt."},"content":{"rendered":"<p>Prie\u0161filtris:<br \/>\n\tPirmajame filtravimo etape sulaiko dideles daleles, efektyviai pailgindamas pagrindinio kiet\u0173j\u0173 daleli\u0173 filtro tarnavimo laik\u0105.<br \/>\n\t&nbsp;<\/p>","protected":false},"excerpt":{"rendered":"<p>Prie\u0161filtris: Pirmajame filtravimo etape sulaiko dideles daleles, efektyviai pailgindamas pagrindinio kiet\u0173j\u0173 daleli\u0173 filtro tarnavimo laik\u0105. &nbsp;<\/p>","protected":false},"featured_media":421896,"comment_status":"closed","ping_status":"closed","template":"","meta":[],"product_cat":[10287,11372,11373,11438],"product_tag":[],"class_list":{"0":"post-421894","1":"product","2":"type-product","3":"status-publish","4":"has-post-thumbnail","6":"product_cat-prekiu-katalogas","7":"product_cat-suvirinimo-iranga","8":"product_cat-suvirinimo-priedai-medziagos-atsargines-dalys-suvirinimo-iranga","9":"product_cat-suvirinimo-skydeliai-pirstines-suvirinimo-priedai-medziagos-atsargines-dalys-suvirinimo-iranga","11":"first","12":"outofstock","13":"purchasable","14":"product-type-simple"},"jetpack_sharing_enabled":true,"_links":{"self":[{"href":"https:\/\/raktoras.lt\/ru\/wp-json\/wp\/v2\/product\/421894","targetHints":{"allow":["GET"]}}],"collection":[{"href":"https:\/\/raktoras.lt\/ru\/wp-json\/wp\/v2\/product"}],"about":[{"href":"https:\/\/raktoras.lt\/ru\/wp-json\/wp\/v2\/types\/product"}],"replies":[{"embeddable":true,"href":"https:\/\/raktoras.lt\/ru\/wp-json\/wp\/v2\/comments?post=421894"}],"version-history":[{"count":1,"href":"https:\/\/raktoras.lt\/ru\/wp-json\/wp\/v2\/product\/421894\/revisions"}],"predecessor-version":[{"id":421895,"href":"https:\/\/raktoras.lt\/ru\/wp-json\/wp\/v2\/product\/421894\/revisions\/421895"}],"wp:featuredmedia":[{"embeddable":true,"href":"https:\/\/raktoras.lt\/ru\/wp-json\/wp\/v2\/media\/421896"}],"wp:attachment":[{"href":"https:\/\/raktoras.lt\/ru\/wp-json\/wp\/v2\/media?parent=421894"}],"wp:term":[{"taxonomy":"product_cat","embeddable":true,"href":"https:\/\/raktoras.lt\/ru\/wp-json\/wp\/v2\/product_cat?post=421894"},{"taxonomy":"product_tag","embeddable":true,"href":"https:\/\/raktoras.lt\/ru\/wp-json\/wp\/v2\/product_tag?post=421894"}],"curies":[{"name":"wp","href":"https:\/\/api.w.org\/{rel}","templated":true}]}}