{"id":422041,"date":"2025-10-25T12:09:33","date_gmt":"2025-10-25T12:09:33","guid":{"rendered":"https:\/\/raktoras.lt\/product\/t-tipo-sesiakampiu-raktu-rinkinys-h-2-h-10-9vnt\/"},"modified":"2025-12-06T16:45:15","modified_gmt":"2025-12-06T16:45:15","slug":"t-tipo-sesiakampiu-raktu-rinkinys-h-2-h-10-9vnt","status":"publish","type":"product","link":"https:\/\/raktoras.lt\/ru\/product\/t-tipo-sesiakampiu-raktu-rinkinys-h-2-h-10-9vnt\/","title":{"rendered":"T tipo \u0161e\u0161iakampi\u0173 rakt\u0173 rinkinys (H-2 &#8211; H-10) 9vnt."},"content":{"rendered":"<p>Iki 30 % ilgesnis, kad b\u016bt\u0173 lengviau pasiekti ir geriau panaudoti \u012frank\u012f<br \/>\n\tTikslus prigludimas tvirtam sukibimui ir nuo\u017eulninti galiukai greitesniam \u012fd\u0117jimui<br \/>\n\tLengvai \u012fskaitomi dyd\u017eio \u017eym\u0117jimai<br \/>\n\tErgonomi\u0161ka T formos rankena padeda suma\u017einti rank\u0173 nuovarg\u012f ir suteikia papildomo patogumo, kad b\u016bt\u0173 lengviau naudoti<br \/>\n\tPagaminta i\u0161 SVCM+ med\u017eiagos, kad b\u016bt\u0173 didesnis atsparumas dilimui ir sukimo momentas<br \/>\n\tAliejui ir tirpikliams atspari rankena u\u017etikrina ilgesn\u012f \u012frankio tarnavimo laik\u0105<br \/>\n\tKomplekte yra metalinis stovas daiktams laikyti ir organizuoti&nbsp;<\/p>","protected":false},"excerpt":{"rendered":"<p>Iki 30 % ilgesnis, kad b\u016bt\u0173 lengviau pasiekti ir geriau panaudoti \u012frank\u012f Tikslus prigludimas tvirtam sukibimui ir nuo\u017eulninti galiukai greitesniam \u012fd\u0117jimui Lengvai \u012fskaitomi dyd\u017eio \u017eym\u0117jimai Ergonomi\u0161ka T formos rankena padeda<\/p>","protected":false},"featured_media":422043,"comment_status":"closed","ping_status":"closed","template":"","meta":[],"product_cat":[11259,10287,11080,11224],"product_tag":[],"class_list":{"0":"post-422041","1":"product","2":"type-product","3":"status-publish","4":"has-post-thumbnail","6":"product_brand-sata","7":"product_cat-l-ir-t-tipo-sesiakampiai-verzliarakciai-rankiniai-irankiai","8":"product_cat-prekiu-katalogas","9":"product_cat-rankiniai-irankiai","10":"product_cat-verzliarakciai-rankiniai-irankiai","12":"first","13":"instock","14":"purchasable","15":"product-type-simple"},"jetpack_sharing_enabled":true,"_links":{"self":[{"href":"https:\/\/raktoras.lt\/ru\/wp-json\/wp\/v2\/product\/422041","targetHints":{"allow":["GET"]}}],"collection":[{"href":"https:\/\/raktoras.lt\/ru\/wp-json\/wp\/v2\/product"}],"about":[{"href":"https:\/\/raktoras.lt\/ru\/wp-json\/wp\/v2\/types\/product"}],"replies":[{"embeddable":true,"href":"https:\/\/raktoras.lt\/ru\/wp-json\/wp\/v2\/comments?post=422041"}],"version-history":[{"count":1,"href":"https:\/\/raktoras.lt\/ru\/wp-json\/wp\/v2\/product\/422041\/revisions"}],"predecessor-version":[{"id":422042,"href":"https:\/\/raktoras.lt\/ru\/wp-json\/wp\/v2\/product\/422041\/revisions\/422042"}],"wp:featuredmedia":[{"embeddable":true,"href":"https:\/\/raktoras.lt\/ru\/wp-json\/wp\/v2\/media\/422043"}],"wp:attachment":[{"href":"https:\/\/raktoras.lt\/ru\/wp-json\/wp\/v2\/media?parent=422041"}],"wp:term":[{"taxonomy":"product_cat","embeddable":true,"href":"https:\/\/raktoras.lt\/ru\/wp-json\/wp\/v2\/product_cat?post=422041"},{"taxonomy":"product_tag","embeddable":true,"href":"https:\/\/raktoras.lt\/ru\/wp-json\/wp\/v2\/product_tag?post=422041"}],"curies":[{"name":"wp","href":"https:\/\/api.w.org\/{rel}","templated":true}]}}