{"id":422080,"date":"2025-10-25T12:10:28","date_gmt":"2025-10-25T12:10:28","guid":{"rendered":"https:\/\/raktoras.lt\/product\/klijuojamu-balansavimo-svareliu-rite-3m-rite-5kg-5g1000\/"},"modified":"2025-10-27T16:57:20","modified_gmt":"2025-10-27T16:57:20","slug":"klijuojamu-balansavimo-svareliu-rite-3m-rite-5kg-5g1000","status":"publish","type":"product","link":"https:\/\/raktoras.lt\/ru\/product\/klijuojamu-balansavimo-svareliu-rite-3m-rite-5kg-5g1000\/","title":{"rendered":"Klijuojam\u0173 balansavimo svareli\u0173 rit\u0117 (3M) rit\u0117 5kg (5g*1000)"},"content":{"rendered":"<p>Klijuojam\u0173 balansavimo svareli\u0173 rit\u0117 patogioje d\u0117\u017e\u0117je. Neb\u016btina i\u0161pakuoti.<\/p>","protected":false},"excerpt":{"rendered":"<p>Klijuojam\u0173 balansavimo svareli\u0173 rit\u0117 patogioje d\u0117\u017e\u0117je. Neb\u016btina i\u0161pakuoti.<\/p>","protected":false},"featured_media":422082,"comment_status":"closed","ping_status":"open","template":"","meta":[],"product_cat":[11095,10287,11273,11315],"product_tag":[],"class_list":{"0":"post-422080","1":"product","2":"type-product","3":"status-publish","4":"has-post-thumbnail","6":"product_cat-autoservisu-iranga-prekiu-katalogas","7":"product_cat-prekiu-katalogas","8":"product_cat-ratu-balansavimas-montavimas-autoservisu-iranga-prekiu-katalogas","9":"product_cat-ratu-remonto-priedai-ir-stakliu-atsargines-dalys-ratu-balansavimas-montavimas-autoservisu-iranga-prekiu-katalogas","11":"first","12":"instock","13":"purchasable","14":"product-type-simple"},"jetpack_sharing_enabled":true,"_links":{"self":[{"href":"https:\/\/raktoras.lt\/ru\/wp-json\/wp\/v2\/product\/422080","targetHints":{"allow":["GET"]}}],"collection":[{"href":"https:\/\/raktoras.lt\/ru\/wp-json\/wp\/v2\/product"}],"about":[{"href":"https:\/\/raktoras.lt\/ru\/wp-json\/wp\/v2\/types\/product"}],"replies":[{"embeddable":true,"href":"https:\/\/raktoras.lt\/ru\/wp-json\/wp\/v2\/comments?post=422080"}],"version-history":[{"count":1,"href":"https:\/\/raktoras.lt\/ru\/wp-json\/wp\/v2\/product\/422080\/revisions"}],"predecessor-version":[{"id":422081,"href":"https:\/\/raktoras.lt\/ru\/wp-json\/wp\/v2\/product\/422080\/revisions\/422081"}],"wp:featuredmedia":[{"embeddable":true,"href":"https:\/\/raktoras.lt\/ru\/wp-json\/wp\/v2\/media\/422082"}],"wp:attachment":[{"href":"https:\/\/raktoras.lt\/ru\/wp-json\/wp\/v2\/media?parent=422080"}],"wp:term":[{"taxonomy":"product_cat","embeddable":true,"href":"https:\/\/raktoras.lt\/ru\/wp-json\/wp\/v2\/product_cat?post=422080"},{"taxonomy":"product_tag","embeddable":true,"href":"https:\/\/raktoras.lt\/ru\/wp-json\/wp\/v2\/product_tag?post=422080"}],"curies":[{"name":"wp","href":"https:\/\/api.w.org\/{rel}","templated":true}]}}