{"id":422092,"date":"2025-10-25T12:10:42","date_gmt":"2025-10-25T12:10:42","guid":{"rendered":"https:\/\/raktoras.lt\/product\/ventilio-montavimo-irankis-su-grandine\/"},"modified":"2025-10-27T16:57:19","modified_gmt":"2025-10-27T16:57:19","slug":"ventilio-montavimo-irankis-su-grandine","status":"publish","type":"product","link":"https:\/\/raktoras.lt\/ru\/product\/ventilio-montavimo-irankis-su-grandine\/","title":{"rendered":"Ventilio montavimo \u012frankis su grandine"},"content":{"rendered":"<p>Sulygiuoja ir laiko ventil\u012f su ventilio anga montuojant padang\u0105. Tinka vis\u0173 dyd\u017ei\u0173 ventilio angoms.&nbsp;<\/p>","protected":false},"excerpt":{"rendered":"<p>Sulygiuoja ir laiko ventil\u012f su ventilio anga montuojant padang\u0105. Tinka vis\u0173 dyd\u017ei\u0173 ventilio angoms.&nbsp;<\/p>","protected":false},"featured_media":422094,"comment_status":"closed","ping_status":"open","template":"","meta":[],"product_cat":[11095,10287,11273,11315],"product_tag":[],"class_list":{"0":"post-422092","1":"product","2":"type-product","3":"status-publish","4":"has-post-thumbnail","6":"product_cat-autoservisu-iranga-prekiu-katalogas","7":"product_cat-prekiu-katalogas","8":"product_cat-ratu-balansavimas-montavimas-autoservisu-iranga-prekiu-katalogas","9":"product_cat-ratu-remonto-priedai-ir-stakliu-atsargines-dalys-ratu-balansavimas-montavimas-autoservisu-iranga-prekiu-katalogas","11":"first","12":"instock","13":"purchasable","14":"product-type-simple"},"jetpack_sharing_enabled":true,"_links":{"self":[{"href":"https:\/\/raktoras.lt\/ru\/wp-json\/wp\/v2\/product\/422092","targetHints":{"allow":["GET"]}}],"collection":[{"href":"https:\/\/raktoras.lt\/ru\/wp-json\/wp\/v2\/product"}],"about":[{"href":"https:\/\/raktoras.lt\/ru\/wp-json\/wp\/v2\/types\/product"}],"replies":[{"embeddable":true,"href":"https:\/\/raktoras.lt\/ru\/wp-json\/wp\/v2\/comments?post=422092"}],"version-history":[{"count":1,"href":"https:\/\/raktoras.lt\/ru\/wp-json\/wp\/v2\/product\/422092\/revisions"}],"predecessor-version":[{"id":422093,"href":"https:\/\/raktoras.lt\/ru\/wp-json\/wp\/v2\/product\/422092\/revisions\/422093"}],"wp:featuredmedia":[{"embeddable":true,"href":"https:\/\/raktoras.lt\/ru\/wp-json\/wp\/v2\/media\/422094"}],"wp:attachment":[{"href":"https:\/\/raktoras.lt\/ru\/wp-json\/wp\/v2\/media?parent=422092"}],"wp:term":[{"taxonomy":"product_cat","embeddable":true,"href":"https:\/\/raktoras.lt\/ru\/wp-json\/wp\/v2\/product_cat?post=422092"},{"taxonomy":"product_tag","embeddable":true,"href":"https:\/\/raktoras.lt\/ru\/wp-json\/wp\/v2\/product_tag?post=422092"}],"curies":[{"name":"wp","href":"https:\/\/api.w.org\/{rel}","templated":true}]}}