{"id":422200,"date":"2025-10-25T12:13:24","date_gmt":"2025-10-25T12:13:24","guid":{"rendered":"https:\/\/raktoras.lt\/product\/hidraulinis-keltuvas-4t-aut-f-sinch-v-h4533mm-380v\/"},"modified":"2026-01-03T00:31:00","modified_gmt":"2026-01-03T00:31:00","slug":"hidraulinis-keltuvas-4t-aut-f-sinch-v-h4533mm-380v","status":"publish","type":"product","link":"https:\/\/raktoras.lt\/ru\/product\/hidraulinis-keltuvas-4t-aut-f-sinch-v-h4533mm-380v\/","title":{"rendered":"Hidraulinis keltuvas 4t (aut.f) (sinch.v.) H4533mm 380V"},"content":{"rendered":"<p>Galingumas 4.0 t<br \/>\n\tSinchronizacija vir\u0161uje su elektromagnetiniais saugumo fiksatoriais<br \/>\n\tK\u0117limo auk\u0161tis 1910 mm<br \/>\n\tMin auk\u0161tis 110 mm<br \/>\n\tTrumposios tiesios letenos ilgis 720 &#8211; 1070mm (2 pakop\u0173)<br \/>\n\tIlgosios tiesios letenos ilgis 840 &#8211; 1320mm (2 pakop\u0173)<br \/>\n\tGuminiai padukai \u012fstatomi ir \u012fsukami (yra galimyb\u0117 naudoti paauk\u0161tinimus)<br \/>\n\tR\u0117mo vidinis auk\u0161tis x plotis 2920 x 3430 mm<br \/>\n\tGabaritiniai matmenys 3430 x 4533 x 375mm<br \/>\n\tPak\u0117limo\/nuleidimo laikas 40 \/ 30 s<br \/>\n\tVariklis 2.2 kW, 380 V<br \/>\n\tAlyvos talpa 10l<br \/>\n\tSvoris 750 kg<br \/>\n\tCE atitiktis<br \/>\n\t12 m\u0117nesi\u0173 garantija<\/p>","protected":false},"excerpt":{"rendered":"<p>Galingumas 4.0 t Sinchronizacija vir\u0161uje su elektromagnetiniais saugumo fiksatoriais K\u0117limo auk\u0161tis 1910 mm Min auk\u0161tis 110 mm Trumposios tiesios letenos ilgis 720 &#8211; 1070mm (2 pakop\u0173) Ilgosios tiesios letenos ilgis<\/p>","protected":false},"featured_media":422202,"comment_status":"closed","ping_status":"closed","template":"","meta":[],"product_cat":[11326,11095,11349,10287],"product_tag":[],"class_list":{"0":"post-422200","1":"product","2":"type-product","3":"status-publish","4":"has-post-thumbnail","6":"product_brand-4-t","7":"product_cat-automobiliu-motociklu-keltuvai-autoservisu-iranga-prekiu-katalogas","8":"product_cat-autoservisu-iranga-prekiu-katalogas","9":"product_cat-dvieju-kolonu-keltuvai-automobiliu-motociklu-keltuvai-autoservisu-iranga-prekiu-katalogas","10":"product_cat-prekiu-katalogas","12":"first","13":"instock","14":"purchasable","15":"product-type-simple"},"jetpack_sharing_enabled":true,"_links":{"self":[{"href":"https:\/\/raktoras.lt\/ru\/wp-json\/wp\/v2\/product\/422200","targetHints":{"allow":["GET"]}}],"collection":[{"href":"https:\/\/raktoras.lt\/ru\/wp-json\/wp\/v2\/product"}],"about":[{"href":"https:\/\/raktoras.lt\/ru\/wp-json\/wp\/v2\/types\/product"}],"replies":[{"embeddable":true,"href":"https:\/\/raktoras.lt\/ru\/wp-json\/wp\/v2\/comments?post=422200"}],"version-history":[{"count":1,"href":"https:\/\/raktoras.lt\/ru\/wp-json\/wp\/v2\/product\/422200\/revisions"}],"predecessor-version":[{"id":422201,"href":"https:\/\/raktoras.lt\/ru\/wp-json\/wp\/v2\/product\/422200\/revisions\/422201"}],"wp:featuredmedia":[{"embeddable":true,"href":"https:\/\/raktoras.lt\/ru\/wp-json\/wp\/v2\/media\/422202"}],"wp:attachment":[{"href":"https:\/\/raktoras.lt\/ru\/wp-json\/wp\/v2\/media?parent=422200"}],"wp:term":[{"taxonomy":"product_cat","embeddable":true,"href":"https:\/\/raktoras.lt\/ru\/wp-json\/wp\/v2\/product_cat?post=422200"},{"taxonomy":"product_tag","embeddable":true,"href":"https:\/\/raktoras.lt\/ru\/wp-json\/wp\/v2\/product_tag?post=422200"}],"curies":[{"name":"wp","href":"https:\/\/api.w.org\/{rel}","templated":true}]}}