{"id":422203,"date":"2025-10-25T12:13:28","date_gmt":"2025-10-25T12:13:28","guid":{"rendered":"https:\/\/raktoras.lt\/product\/padeklas-galvuciu-su-antgaliais-rinkinys-3-8-pl-ph-pz-hex-torx-28vnt\/"},"modified":"2025-12-04T16:56:51","modified_gmt":"2025-12-04T16:56:51","slug":"padeklas-galvuciu-su-antgaliais-rinkinys-3-8-pl-ph-pz-hex-torx-28vnt","status":"publish","type":"product","link":"https:\/\/raktoras.lt\/ru\/product\/padeklas-galvuciu-su-antgaliais-rinkinys-3-8-pl-ph-pz-hex-torx-28vnt\/","title":{"rendered":"Pad\u0117klas. Galvu\u010di\u0173 su antgaliais rinkinys 3\/8&#8243; (pl.\/PH\/PZ\/HEX\/torx) 28vnt."},"content":{"rendered":"<p>Greitas ir prakti\u0161kas identifikavimas:<br \/>\n\tDaugiasluoksnis SATA EVA d\u0117klas pasi\u017eymi lengvai \u012fskaitomomis \u017eym\u0117mis, u\u017etikrinan\u010diomis greit\u0105 \u012franki\u0173 paie\u0161k\u0105.<br \/>\n\t\u012eranki\u0173 laikymas:<br \/>\n\tKiekvienas SATA \u012frankis telpa \u012f lazeriu suformuot\u0105 i\u0161pjov\u0105, kuri u\u017etikrina apsaug\u0105 ir padeda \u012frankius laikyti tvarkingai bei lengvai pasiekiamus.<br \/>\n\tApgalvotas sprendimas:<br \/>\n\t24 atskir\u0173 SATA d\u0117kl\u0173 ir 5 kombinacij\u0173 linija, puikiai tinkanti SATA ve\u017eim\u0117li\u0173 pritaikymui funkcionaliems ir novatori\u0161kiems \u012frankiams.<br \/>\n\tUniversalumas:<br \/>\n\tModulinis ir kei\u010diamas EVA d\u0117kl\u0173 dizainas leid\u017eia pritaikyti stal\u010dius naujais rinkiniais ir ant skirting\u0173 ve\u017eim\u0117li\u0173* pagal poreik\u012f.<br \/>\n\tPatvarumas ir atsparumas:<br \/>\n\tPutplas\u010dio laikymo pad\u0117klai sukurti taip, kad tarnaut\u0173 ilgai ir atlaikyt\u0173 prakti\u0161kai bet koki\u0105 darbo aplink\u0105, u\u017etikrindami ilgalaik\u0119 apsaug\u0105 nuo alyv\u0173 ir tirpikli\u0173.<br \/>\n\tPrieinamumas:<br \/>\n\t\u0160onin\u0117s EVA d\u0117klo i\u0161pjovos sukurtos taip, kad idealiai priglust\u0173 pir\u0161tams, tod\u0117l d\u0117kl\u0105 galima prakti\u0161kai ir saugiai i\u0161imti i\u0161 stal\u010diaus.<br \/>\n\t*Daugiausia suderinama su SATA \u012franki\u0173 ve\u017eim\u0117li\u0173 modeliais<\/p>\n<p>\u012e komplekt\u0105 \u012feina 28vnt. &#8211; Phillips #1, #2, #3; Pozidrive #1, #2, #3; plok\u0161\u010dias 4, 5.5, 6.5, 8 mm; Hex 3, 4, 5, 6, 7, 8, 10 mm; Torx T10, T15, T20, T25, T27, T30, T40, T45, T50, T55, T60&nbsp;&nbsp;<\/p>\n<p>Pad\u0117klo matmenys 400 x 187 x 33 mm &nbsp;&nbsp;<\/p>","protected":false},"excerpt":{"rendered":"<p>Greitas ir prakti\u0161kas identifikavimas: Daugiasluoksnis SATA EVA d\u0117klas pasi\u017eymi lengvai \u012fskaitomomis \u017eym\u0117mis, u\u017etikrinan\u010diomis greit\u0105 \u012franki\u0173 paie\u0161k\u0105. \u012eranki\u0173 laikymas: Kiekvienas SATA \u012frankis telpa \u012f lazeriu suformuot\u0105 i\u0161pjov\u0105, kuri u\u017etikrina apsaug\u0105 ir<\/p>","protected":false},"featured_media":422205,"comment_status":"closed","ping_status":"closed","template":"","meta":[],"product_cat":[11330,11215,10287,11080],"product_tag":[],"class_list":{"0":"post-422203","1":"product","2":"type-product","3":"status-publish","4":"has-post-thumbnail","6":"product_brand-sata","7":"product_cat-3-8-galvuciu-rinkiniai-galvutes-adapteriai-rankiniai-irankiai","8":"product_cat-galvutes-adapteriai-rankiniai-irankiai","9":"product_cat-prekiu-katalogas","10":"product_cat-rankiniai-irankiai","12":"first","13":"instock","14":"purchasable","15":"product-type-simple"},"jetpack_sharing_enabled":true,"_links":{"self":[{"href":"https:\/\/raktoras.lt\/ru\/wp-json\/wp\/v2\/product\/422203","targetHints":{"allow":["GET"]}}],"collection":[{"href":"https:\/\/raktoras.lt\/ru\/wp-json\/wp\/v2\/product"}],"about":[{"href":"https:\/\/raktoras.lt\/ru\/wp-json\/wp\/v2\/types\/product"}],"replies":[{"embeddable":true,"href":"https:\/\/raktoras.lt\/ru\/wp-json\/wp\/v2\/comments?post=422203"}],"version-history":[{"count":1,"href":"https:\/\/raktoras.lt\/ru\/wp-json\/wp\/v2\/product\/422203\/revisions"}],"predecessor-version":[{"id":422204,"href":"https:\/\/raktoras.lt\/ru\/wp-json\/wp\/v2\/product\/422203\/revisions\/422204"}],"wp:featuredmedia":[{"embeddable":true,"href":"https:\/\/raktoras.lt\/ru\/wp-json\/wp\/v2\/media\/422205"}],"wp:attachment":[{"href":"https:\/\/raktoras.lt\/ru\/wp-json\/wp\/v2\/media?parent=422203"}],"wp:term":[{"taxonomy":"product_cat","embeddable":true,"href":"https:\/\/raktoras.lt\/ru\/wp-json\/wp\/v2\/product_cat?post=422203"},{"taxonomy":"product_tag","embeddable":true,"href":"https:\/\/raktoras.lt\/ru\/wp-json\/wp\/v2\/product_tag?post=422203"}],"curies":[{"name":"wp","href":"https:\/\/api.w.org\/{rel}","templated":true}]}}