{"id":422254,"date":"2025-10-25T12:14:22","date_gmt":"2025-10-25T12:14:22","guid":{"rendered":"https:\/\/raktoras.lt\/product\/specialiu-galvuciu-su-vidiniais-grioveliais-rinkinys-9vnt-km4-km12\/"},"modified":"2026-01-02T23:24:27","modified_gmt":"2026-01-02T23:24:27","slug":"specialiu-galvuciu-su-vidiniais-grioveliais-rinkinys-9vnt-km4-km12","status":"publish","type":"product","link":"https:\/\/raktoras.lt\/ru\/product\/specialiu-galvuciu-su-vidiniais-grioveliais-rinkinys-9vnt-km4-km12\/","title":{"rendered":"Speciali\u0173 galvu\u010di\u0173 su vidiniais grioveliais rinkinys 9vnt. KM4-KM12"},"content":{"rendered":"<p>Speciali\u0173 galvu\u010di\u0173 su vidiniais grioveliais (flan\u0161ini\u0173 ver\u017eli\u0173 rakt\u0173 ir galvu\u010di\u0173) rinkinys &ndash; nuo KM4 iki KM12<br \/>\n\t\u0160is rinkinys yra profesionalios klas\u0117s 9 dali\u0173 rakt\u0173 \/ galvu\u010di\u0173 rinkinys, specialiai sukurtas 4 \u012fpjov\u0173 flan\u0161in\u0117ms ver\u017el\u0117ms, esan\u010dioms stebul\u0117se, pavar\u0173 d\u0117\u017e\u0117se, diferencialuose ir kituose pavaros komponentuose, montuoti ir nuimti. Idealiai tinka mechanikams, technikams ir patyrusiems &bdquo;pasidaryk pats&ldquo; m\u0117g\u0117jams, \u0161is rinkinys pasi\u017eymi tvirtumu, tikslumu ir patikimumu sud\u0117tingomis s\u0105lygomis.<\/p>\n<p>Produkto savyb\u0117s<br \/>\n\tSuderinamas su flan\u0161in\u0117mis ver\u017el\u0117mis KM4&ndash;KM12 (4 \u012fpjov\u0173 konstrukcija)<br \/>\n\tPagamintas i\u0161 patvaraus legiruoto \u012frankinio plieno &ndash; ilgaam\u017eis<br \/>\n\tAtsparus deformacijai ir \u012ftr\u016bkimams esant dideliam sukimo momentui<br \/>\n\tTinka daugumai populiariausi\u0173 automobili\u0173 ir pramonini\u0173 ma\u0161in\u0173<br \/>\n\tPateikiama tvirtame, prakti\u0161kame laikymo d\u0117kle, kad b\u016bt\u0173 lengva susid\u0117ti<\/p>\n<p>Technin\u0117s specifikacijos<br \/>\n\tTipas: Apykakl\u0117s ver\u017eli\u0173 raktai\/galvut\u0117s<br \/>\n\tPritaikymas: Flan\u0161in\u0117ms ver\u017el\u0117ms su 4 \u012fpjovomis<br \/>\n\tMed\u017eiaga: Gr\u016bdintas \u012frankinis plienas<br \/>\n\tRinkin\u012f sudaro: 9 elementai (nuo KM4 iki KM12 dyd\u017ei\u0173)<\/p>\n<p>Nesvarbu, ar dirbate su transmisijomis, diferencialais, ar su sunki\u0105ja technika, \u0161is flan\u0161ini\u0173 ver\u017eli\u0173 \u012franki\u0173 rinkinys yra b\u016btinas bet kurioje rimtoje dirbtuv\u0117je.&nbsp;<\/p>","protected":false},"excerpt":{"rendered":"<p>Speciali\u0173 galvu\u010di\u0173 su vidiniais grioveliais (flan\u0161ini\u0173 ver\u017eli\u0173 rakt\u0173 ir galvu\u010di\u0173) rinkinys &ndash; nuo KM4 iki KM12 \u0160is rinkinys yra profesionalios klas\u0117s 9 dali\u0173 rakt\u0173 \/ galvu\u010di\u0173 rinkinys, specialiai sukurtas 4<\/p>","protected":false},"featured_media":422256,"comment_status":"closed","ping_status":"closed","template":"","meta":[],"product_cat":[11095,10287,11214],"product_tag":[],"class_list":{"0":"post-422254","1":"product","2":"type-product","3":"status-publish","4":"has-post-thumbnail","6":"product_cat-autoservisu-iranga-prekiu-katalogas","7":"product_cat-prekiu-katalogas","8":"product_cat-spec-galvutes-autoservisu-iranga-prekiu-katalogas","10":"first","11":"instock","12":"purchasable","13":"product-type-simple"},"jetpack_sharing_enabled":true,"_links":{"self":[{"href":"https:\/\/raktoras.lt\/ru\/wp-json\/wp\/v2\/product\/422254","targetHints":{"allow":["GET"]}}],"collection":[{"href":"https:\/\/raktoras.lt\/ru\/wp-json\/wp\/v2\/product"}],"about":[{"href":"https:\/\/raktoras.lt\/ru\/wp-json\/wp\/v2\/types\/product"}],"replies":[{"embeddable":true,"href":"https:\/\/raktoras.lt\/ru\/wp-json\/wp\/v2\/comments?post=422254"}],"version-history":[{"count":1,"href":"https:\/\/raktoras.lt\/ru\/wp-json\/wp\/v2\/product\/422254\/revisions"}],"predecessor-version":[{"id":422255,"href":"https:\/\/raktoras.lt\/ru\/wp-json\/wp\/v2\/product\/422254\/revisions\/422255"}],"wp:featuredmedia":[{"embeddable":true,"href":"https:\/\/raktoras.lt\/ru\/wp-json\/wp\/v2\/media\/422256"}],"wp:attachment":[{"href":"https:\/\/raktoras.lt\/ru\/wp-json\/wp\/v2\/media?parent=422254"}],"wp:term":[{"taxonomy":"product_cat","embeddable":true,"href":"https:\/\/raktoras.lt\/ru\/wp-json\/wp\/v2\/product_cat?post=422254"},{"taxonomy":"product_tag","embeddable":true,"href":"https:\/\/raktoras.lt\/ru\/wp-json\/wp\/v2\/product_tag?post=422254"}],"curies":[{"name":"wp","href":"https:\/\/api.w.org\/{rel}","templated":true}]}}