{"id":422257,"date":"2025-10-25T12:14:24","date_gmt":"2025-10-25T12:14:24","guid":{"rendered":"https:\/\/raktoras.lt\/product\/padangu-slegio-matuoklis-skaitmeninis\/"},"modified":"2025-10-25T12:35:10","modified_gmt":"2025-10-25T12:35:10","slug":"padangu-slegio-matuoklis-skaitmeninis","status":"publish","type":"product","link":"https:\/\/raktoras.lt\/ru\/product\/padangu-slegio-matuoklis-skaitmeninis\/","title":{"rendered":"Padang\u0173 sl\u0117gio matuoklis skaitmeninis"},"content":{"rendered":"<p>Skaitmeninis padang\u0173 sl\u0117gio matuoklis<br \/>\n\tPalaikykite savo transporto priemon\u0117s b\u016bkl\u0119 geriausios b\u016bkl\u0117s su \u0161iuo skaitmeniniu padang\u0173 sl\u0117gio matuokliu &ndash; patikimu ir paprastu \u012frankiu, skirtu tiksliai matuoti padang\u0173 sl\u0117g\u012f.<br \/>\n\t\u0160is kompakti\u0161kas prietaisas u\u017etikrina saugum\u0105 kelyje, pateikdamas tikslius sl\u0117gio rodmenis, pad\u0117damas i\u0161vengti padang\u0173 pa\u017eeidim\u0173 ir pagerinti degal\u0173 naudojimo efektyvum\u0105. Idealiai tinka tiek kasdieniams vairuotojams, tiek automobili\u0173 entuziastams, tiek profesionalams.<\/p>\n<p>Svarbiausios produkto savyb\u0117s<br \/>\n\tTikslus ir greitas padang\u0173 sl\u0117gio rodmuo<br \/>\n\tLengvai \u012fskaitomas LCD ekranas (21 x 10 mm)<br \/>\n\tPlatus matavimo diapazonas: 0&ndash;150 PSI<br \/>\n\tAutomatinis i\u0161sijungimas, taupantis baterijos veikimo laik\u0105<br \/>\n\tKompakti\u0161kas ir ne\u0161iojamas &ndash; telpa bet kurioje daiktad\u0117\u017e\u0117je<\/p>\n<p>Technin\u0117s specifikacijos<br \/>\n\tMatavimo diapazonas: 0&ndash;150 PSI<br \/>\n\tEkranas: LCD, 21 x 10 mm<br \/>\n\tMaitinimo \u0161altinis: 3 V li\u010dio baterija<br \/>\n\tDarbin\u0117 temperat\u016bra: nuo -5 &deg;C iki 50 &deg;C<\/p>\n<p>Automatinis i\u0161sijungimas: po 30 arba 60 sekund\u017ei\u0173 (arba rankiniu b\u016bdu, 3 sekundes palaikius nuspaust\u0105 \u012eJUNGIMO mygtuk\u0105)<br \/>\n\tPagerinkite savo automobilio prie\u017ei\u016bros rutin\u0105 su \u0161iuo patikimu ir patogiu padang\u0173 sl\u0117gio matuokliu &ndash; tikslumas, patogumas ir saugumas viename \u012frenginyje.&nbsp;<\/p>","protected":false},"excerpt":{"rendered":"<p>Skaitmeninis padang\u0173 sl\u0117gio matuoklis Palaikykite savo transporto priemon\u0117s b\u016bkl\u0119 geriausios b\u016bkl\u0117s su \u0161iuo skaitmeniniu padang\u0173 sl\u0117gio matuokliu &ndash; patikimu ir paprastu \u012frankiu, skirtu tiksliai matuoti padang\u0173 sl\u0117g\u012f. \u0160is kompakti\u0161kas prietaisas<\/p>","protected":false},"featured_media":422259,"comment_status":"closed","ping_status":"open","template":"","meta":[],"product_cat":[11095,11328,10287],"product_tag":[],"class_list":{"0":"post-422257","1":"product","2":"type-product","3":"status-publish","4":"has-post-thumbnail","6":"product_cat-autoservisu-iranga-prekiu-katalogas","7":"product_cat-diagnostika-testeriai-matuokliai-autoservisu-iranga-prekiu-katalogas","8":"product_cat-prekiu-katalogas","10":"first","11":"instock","12":"purchasable","13":"product-type-simple"},"jetpack_sharing_enabled":true,"_links":{"self":[{"href":"https:\/\/raktoras.lt\/ru\/wp-json\/wp\/v2\/product\/422257","targetHints":{"allow":["GET"]}}],"collection":[{"href":"https:\/\/raktoras.lt\/ru\/wp-json\/wp\/v2\/product"}],"about":[{"href":"https:\/\/raktoras.lt\/ru\/wp-json\/wp\/v2\/types\/product"}],"replies":[{"embeddable":true,"href":"https:\/\/raktoras.lt\/ru\/wp-json\/wp\/v2\/comments?post=422257"}],"version-history":[{"count":1,"href":"https:\/\/raktoras.lt\/ru\/wp-json\/wp\/v2\/product\/422257\/revisions"}],"predecessor-version":[{"id":422258,"href":"https:\/\/raktoras.lt\/ru\/wp-json\/wp\/v2\/product\/422257\/revisions\/422258"}],"wp:featuredmedia":[{"embeddable":true,"href":"https:\/\/raktoras.lt\/ru\/wp-json\/wp\/v2\/media\/422259"}],"wp:attachment":[{"href":"https:\/\/raktoras.lt\/ru\/wp-json\/wp\/v2\/media?parent=422257"}],"wp:term":[{"taxonomy":"product_cat","embeddable":true,"href":"https:\/\/raktoras.lt\/ru\/wp-json\/wp\/v2\/product_cat?post=422257"},{"taxonomy":"product_tag","embeddable":true,"href":"https:\/\/raktoras.lt\/ru\/wp-json\/wp\/v2\/product_tag?post=422257"}],"curies":[{"name":"wp","href":"https:\/\/api.w.org\/{rel}","templated":true}]}}