{"id":422272,"date":"2025-10-25T12:14:37","date_gmt":"2025-10-25T12:14:37","guid":{"rendered":"https:\/\/raktoras.lt\/product\/universalus-raktas-elektros-spintoms-knipex-twinkey\/"},"modified":"2025-12-05T15:18:15","modified_gmt":"2025-12-05T15:18:15","slug":"universalus-raktas-elektros-spintoms-knipex-twinkey","status":"publish","type":"product","link":"https:\/\/raktoras.lt\/ru\/product\/universalus-raktas-elektros-spintoms-knipex-twinkey\/","title":{"rendered":"Universalus raktas elektros spintoms KNIPEX TwinKey"},"content":{"rendered":"<p><strong>Prek\u0117s Nr.: 00 11 04<br \/>\n\tEAN: 4003773048954<\/strong><br \/>\n\t10 profili\u0173. 2 kry\u017eiai. 1 raktas. Visoms \u012fprastoms u\u017erakinimo sistemoms<br \/>\n\tDaugiafunkcis raktas, skirtas u\u017erakinimo sistemoms valdyti pastat\u0173 in\u017einerijos (\u0161ildymo ir santechnikos, oro kondicionavimo, elektros technologij\u0173), duj\u0173 ir vandens tiekimo bei u\u017edarymo sistem\u0173 srityse<br \/>\n\t8 svirteli\u0173 versija: du 4 kryp\u010di\u0173 &bdquo;voratinkliniai&ldquo; raktai, sujungti viet\u0105 taupan\u010diu b\u016bdu naudojant magnetus<br \/>\n\t6 skirtingoms u\u017erakinimo sistemoms<br \/>\n\tSu kei\u010diamu antgaliu: 1.0 x 7 mm plok\u0161\u010dias ir PH2 kry\u017eminis<br \/>\n\tSu antgalio adapteriu 1\/4 colio antgaliams su magnetu<br \/>\n\tRaktas ir gr\u012f\u017etamasis antgalis sujungti stabilia ner\u016bdijan\u010dio plieno viela<br \/>\n\tBendras ilgis: 92 mm<br \/>\n\tDvigubo antgalio rakto dyd\u017eiai 3 &mdash; 5 mm<br \/>\n\tKvadratinio rakto dyd\u017eiai 5.0 \/ 6.0 &mdash; 7.0 \/ 8.0 &mdash; 9.0 \/ 10.0 &mdash; 11.0 mm<br \/>\n\tTrikampio rakto dyd\u017eiai 7.0 &mdash; 8.0 \/ 9.0 &mdash; 10.0 \/ 11.0 &mdash; 12.0 mm<br \/>\n\tLaiptelinio kvadratinio rakto dyd\u017eiai 6 &mdash; 10 mm<br \/>\n\tPusm\u0117nulio formos raktas 6 mm<br \/>\n\tAntgalis PH2 \/ Plok\u0161\u010dias 1&#215;7<br \/>\n\tMatmenys 92 x 85 x 23 mm<br \/>\n\tSvoris 135 g &nbsp;<\/p>\n<p><iframe allow=\"accelerometer; autoplay; clipboard-write; encrypted-media; gyroscope; picture-in-picture; web-share\" allowfullscreen=\"\" frameborder=\"0\" height=\"315\" referrerpolicy=\"strict-origin-when-cross-origin\" src=\"https:\/\/www.youtube.com\/embed\/dpaP-LwhbfY?si=9UKexABbEk_u0EQL\" title=\"YouTube video player\" width=\"560\"><\/iframe><\/p>","protected":false},"excerpt":{"rendered":"<p>Prek\u0117s Nr.: 00 11 04 EAN: 4003773048954 10 profili\u0173. 2 kry\u017eiai. 1 raktas. Visoms \u012fprastoms u\u017erakinimo sistemoms Daugiafunkcis raktas, skirtas u\u017erakinimo sistemoms valdyti pastat\u0173 in\u017einerijos (\u0161ildymo ir santechnikos, oro kondicionavimo,<\/p>","protected":false},"featured_media":422274,"comment_status":"closed","ping_status":"closed","template":"","meta":[],"product_cat":[11539,10287,11080],"product_tag":[],"class_list":{"0":"post-422272","1":"product","2":"type-product","3":"status-publish","4":"has-post-thumbnail","6":"product_brand-knipex","7":"product_cat-irankiai-elektros-darbams-rankiniai-irankiai","8":"product_cat-prekiu-katalogas","9":"product_cat-rankiniai-irankiai","11":"first","12":"instock","13":"purchasable","14":"product-type-simple"},"jetpack_sharing_enabled":true,"_links":{"self":[{"href":"https:\/\/raktoras.lt\/ru\/wp-json\/wp\/v2\/product\/422272","targetHints":{"allow":["GET"]}}],"collection":[{"href":"https:\/\/raktoras.lt\/ru\/wp-json\/wp\/v2\/product"}],"about":[{"href":"https:\/\/raktoras.lt\/ru\/wp-json\/wp\/v2\/types\/product"}],"replies":[{"embeddable":true,"href":"https:\/\/raktoras.lt\/ru\/wp-json\/wp\/v2\/comments?post=422272"}],"version-history":[{"count":1,"href":"https:\/\/raktoras.lt\/ru\/wp-json\/wp\/v2\/product\/422272\/revisions"}],"predecessor-version":[{"id":422273,"href":"https:\/\/raktoras.lt\/ru\/wp-json\/wp\/v2\/product\/422272\/revisions\/422273"}],"wp:featuredmedia":[{"embeddable":true,"href":"https:\/\/raktoras.lt\/ru\/wp-json\/wp\/v2\/media\/422274"}],"wp:attachment":[{"href":"https:\/\/raktoras.lt\/ru\/wp-json\/wp\/v2\/media?parent=422272"}],"wp:term":[{"taxonomy":"product_cat","embeddable":true,"href":"https:\/\/raktoras.lt\/ru\/wp-json\/wp\/v2\/product_cat?post=422272"},{"taxonomy":"product_tag","embeddable":true,"href":"https:\/\/raktoras.lt\/ru\/wp-json\/wp\/v2\/product_tag?post=422272"}],"curies":[{"name":"wp","href":"https:\/\/api.w.org\/{rel}","templated":true}]}}