{"id":422278,"date":"2025-10-25T12:14:43","date_gmt":"2025-10-25T12:14:43","guid":{"rendered":"https:\/\/raktoras.lt\/product\/stabdziu-disku-valiklis-mannol-20l\/"},"modified":"2026-01-02T23:24:02","modified_gmt":"2026-01-02T23:24:02","slug":"stabdziu-disku-valiklis-mannol-20l","status":"publish","type":"product","link":"https:\/\/raktoras.lt\/ru\/product\/stabdziu-disku-valiklis-mannol-20l\/","title":{"rendered":"Stabd\u017ei\u0173 disk\u0173 valiklis MANNOL 20l"},"content":{"rendered":"<p>Stabd\u017ei\u0173 disk\u0173 \/ Metalini\u0173 dali\u0173 valiklis \/ Riebal\u0173 \u0161alinimo priemon\u0117<\/p>\n<p>Tirpikli\u0173 mi\u0161inys, skirtas metalini\u0173 dali\u0173 valymui ir nuriebalinimui. Sukurtas efektyviam stabd\u017ei\u0173 b\u016bgn\u0173, disk\u0173, kalad\u0117li\u0173, trinkeli\u0173, cilindr\u0173 ir sankabos dali\u0173 valymui. Greitai ir veiksmingai pa\u0161alina purv\u0105, dulkes, riebalus ir stabd\u017ei\u0173 skyst\u012f. Greitai d\u017ei\u016bsta ir nepalieka liku\u010di\u0173.<br \/>\n\tSavyb\u0117s ir privalumai:<br \/>\n\tPa\u0161alina stabd\u017ei\u0173 skyst\u012f, alyv\u0105, derv\u0105, riebalus ir kitus ter\u0161alus<br \/>\n\tI\u0161valo be i\u0161rinkimo<br \/>\n\tPa\u0161alina stabd\u017ei\u0173 cypim\u0105 ir sankabos slydim\u0105, sukeltus ne\u0161varum\u0173 ar apsideginimo<br \/>\n\tGreitai d\u017ei\u016bsta, nepalikdamas p\u0117dsak\u0173<br \/>\n\tNaudojimo b\u016bdas:<br \/>\n\tPur\u0161kite, tepkite teptuku arba panardinkite. Laikykit\u0117s saugos reikalavim\u0173, taikom\u0173 dirbant su degiais skys\u010diais. Leiskite priemonei \u012fsigerti, tuomet nuvalykite sausu skudur\u0117liu.<br \/>\n\tLaikymas:<br \/>\n\tLaikyti \u017eemesn\u0117je nei 50\u202f&deg;C temperat\u016broje. Vengti tiesiogini\u0173 saul\u0117s spinduli\u0173.<\/p>","protected":false},"excerpt":{"rendered":"<p>Stabd\u017ei\u0173 disk\u0173 \/ Metalini\u0173 dali\u0173 valiklis \/ Riebal\u0173 \u0161alinimo priemon\u0117 Tirpikli\u0173 mi\u0161inys, skirtas metalini\u0173 dali\u0173 valymui ir nuriebalinimui. Sukurtas efektyviam stabd\u017ei\u0173 b\u016bgn\u0173, disk\u0173, kalad\u0117li\u0173, trinkeli\u0173, cilindr\u0173 ir sankabos dali\u0173 valymui.<\/p>","protected":false},"featured_media":422280,"comment_status":"closed","ping_status":"closed","template":"","meta":[],"product_cat":[11737,11730,10287],"product_tag":[],"class_list":{"0":"post-422278","1":"product","2":"type-product","3":"status-publish","4":"has-post-thumbnail","6":"product_brand-mannol","7":"product_cat-autochemija-alyvos-automobiliniai-priedai-autochemija-ivairus","8":"product_cat-automobiliniai-priedai-autochemija-ivairus","9":"product_cat-prekiu-katalogas","11":"first","12":"instock","13":"purchasable","14":"product-type-simple"},"jetpack_sharing_enabled":true,"_links":{"self":[{"href":"https:\/\/raktoras.lt\/ru\/wp-json\/wp\/v2\/product\/422278","targetHints":{"allow":["GET"]}}],"collection":[{"href":"https:\/\/raktoras.lt\/ru\/wp-json\/wp\/v2\/product"}],"about":[{"href":"https:\/\/raktoras.lt\/ru\/wp-json\/wp\/v2\/types\/product"}],"replies":[{"embeddable":true,"href":"https:\/\/raktoras.lt\/ru\/wp-json\/wp\/v2\/comments?post=422278"}],"version-history":[{"count":1,"href":"https:\/\/raktoras.lt\/ru\/wp-json\/wp\/v2\/product\/422278\/revisions"}],"predecessor-version":[{"id":422279,"href":"https:\/\/raktoras.lt\/ru\/wp-json\/wp\/v2\/product\/422278\/revisions\/422279"}],"wp:featuredmedia":[{"embeddable":true,"href":"https:\/\/raktoras.lt\/ru\/wp-json\/wp\/v2\/media\/422280"}],"wp:attachment":[{"href":"https:\/\/raktoras.lt\/ru\/wp-json\/wp\/v2\/media?parent=422278"}],"wp:term":[{"taxonomy":"product_cat","embeddable":true,"href":"https:\/\/raktoras.lt\/ru\/wp-json\/wp\/v2\/product_cat?post=422278"},{"taxonomy":"product_tag","embeddable":true,"href":"https:\/\/raktoras.lt\/ru\/wp-json\/wp\/v2\/product_tag?post=422278"}],"curies":[{"name":"wp","href":"https:\/\/api.w.org\/{rel}","templated":true}]}}