{"id":422281,"date":"2025-10-25T12:14:47","date_gmt":"2025-10-25T12:14:47","guid":{"rendered":"https:\/\/raktoras.lt\/product\/suvirintojo-skydelis-su-automatiniu-filtru-archon\/"},"modified":"2026-01-19T06:17:51","modified_gmt":"2026-01-19T06:17:51","slug":"suvirintojo-skydelis-su-automatiniu-filtru-archon","status":"publish","type":"product","link":"https:\/\/raktoras.lt\/ru\/product\/suvirintojo-skydelis-su-automatiniu-filtru-archon\/","title":{"rendered":"Suvirintojo skydelis su automatiniu filtru Archon"},"content":{"rendered":"<p>Skydelio tipas Archon<br \/>\n\tFiltro tipas 868L-S+<br \/>\n\tTamsinimas i\u0161jungtu re\u017eimu DIN 4<br \/>\n\tTamsinimas DIN 5 &#8211; 8 ir DIN 9 &#8211; 13<br \/>\n\tAp\u017evalgos plotas 100 x 60 mm<br \/>\n\tDarbin\u0117 temperat\u016bra -10&deg;C +60&deg; C<br \/>\n\tSand\u0117liavimo temperat\u016bra -20&deg;C +70&deg; C<br \/>\n\tReguliuojamas jautrumas ir u\u017edelsimo laikas<br \/>\n\tLeid\u017eia atlikti \u0161lifavimo funkcij\u0105 nenusi\u0117mus skydelio<br \/>\n\t\u012ekrovos indikatorius<br \/>\n\tElementas 2 vnt x CR2450<br \/>\n\tSvoris 0.49 kg<br \/>\n\tCE atitiktis<br \/>\n\tEN379, ANSI Z87.1<br \/>\n\tPakuot\u0117s matmenys 265 x 230 x 270 mm&nbsp;<\/p>","protected":false},"excerpt":{"rendered":"<p>Skydelio tipas Archon Filtro tipas 868L-S+ Tamsinimas i\u0161jungtu re\u017eimu DIN 4 Tamsinimas DIN 5 &#8211; 8 ir DIN 9 &#8211; 13 Ap\u017evalgos plotas 100 x 60 mm Darbin\u0117 temperat\u016bra -10&deg;C<\/p>","protected":false},"featured_media":422283,"comment_status":"closed","ping_status":"closed","template":"","meta":[],"product_cat":[10287,11372,11373,11438],"product_tag":[],"class_list":{"0":"post-422281","1":"product","2":"type-product","3":"status-publish","4":"has-post-thumbnail","6":"product_cat-prekiu-katalogas","7":"product_cat-suvirinimo-iranga","8":"product_cat-suvirinimo-priedai-medziagos-atsargines-dalys-suvirinimo-iranga","9":"product_cat-suvirinimo-skydeliai-pirstines-suvirinimo-priedai-medziagos-atsargines-dalys-suvirinimo-iranga","11":"first","12":"instock","13":"purchasable","14":"product-type-simple"},"jetpack_sharing_enabled":true,"_links":{"self":[{"href":"https:\/\/raktoras.lt\/ru\/wp-json\/wp\/v2\/product\/422281","targetHints":{"allow":["GET"]}}],"collection":[{"href":"https:\/\/raktoras.lt\/ru\/wp-json\/wp\/v2\/product"}],"about":[{"href":"https:\/\/raktoras.lt\/ru\/wp-json\/wp\/v2\/types\/product"}],"replies":[{"embeddable":true,"href":"https:\/\/raktoras.lt\/ru\/wp-json\/wp\/v2\/comments?post=422281"}],"version-history":[{"count":1,"href":"https:\/\/raktoras.lt\/ru\/wp-json\/wp\/v2\/product\/422281\/revisions"}],"predecessor-version":[{"id":422282,"href":"https:\/\/raktoras.lt\/ru\/wp-json\/wp\/v2\/product\/422281\/revisions\/422282"}],"wp:featuredmedia":[{"embeddable":true,"href":"https:\/\/raktoras.lt\/ru\/wp-json\/wp\/v2\/media\/422283"}],"wp:attachment":[{"href":"https:\/\/raktoras.lt\/ru\/wp-json\/wp\/v2\/media?parent=422281"}],"wp:term":[{"taxonomy":"product_cat","embeddable":true,"href":"https:\/\/raktoras.lt\/ru\/wp-json\/wp\/v2\/product_cat?post=422281"},{"taxonomy":"product_tag","embeddable":true,"href":"https:\/\/raktoras.lt\/ru\/wp-json\/wp\/v2\/product_tag?post=422281"}],"curies":[{"name":"wp","href":"https:\/\/api.w.org\/{rel}","templated":true}]}}