{"id":422284,"date":"2025-10-25T12:14:54","date_gmt":"2025-10-25T12:14:54","guid":{"rendered":"https:\/\/raktoras.lt\/product\/ratu-montavimo-stakles-2-greiciu-su-smuginiu-infliatoriumi\/"},"modified":"2025-10-27T16:57:18","modified_gmt":"2025-10-27T16:57:18","slug":"ratu-montavimo-stakles-2-greiciu-su-smuginiu-infliatoriumi","status":"publish","type":"product","link":"https:\/\/raktoras.lt\/ru\/product\/ratu-montavimo-stakles-2-greiciu-su-smuginiu-infliatoriumi\/","title":{"rendered":"Rat\u0173 montavimo stakl\u0117s (2 grei\u010di\u0173) su sm\u016bginiu infliatoriumi"},"content":{"rendered":"<p>Variklio galia 0.75 KW<br \/>\n\tMaitinimas 220 V, 50 Hz<br \/>\n\tMax ratlankio diametras 45&quot; (1143 mm)<br \/>\n\tMax ratlankio plotis 16&quot; (406 mm)<br \/>\n\tI\u0161orinis griebtuvas 12&quot; ~ 23&quot;<br \/>\n\tVidinis griebtuvas 14&quot; ~ 28&quot;<br \/>\n\tDarbinis sl\u0117gis 8-10 bar<br \/>\n\tTriuk\u0161mo lygis &lt;75 db<br \/>\n\tSu prip\u016btimo pistoletu ir sm\u016bginiu infliatoriumi<br \/>\n\tI\u0161matavimai 1130 x 900 x 1050 mm<br \/>\n\tSvoris 387 kg&nbsp;<\/p>\n<p>Pakuot\u0117s matmenys 1130 x 900 x 1080 mm &#8211; 277 kg &amp; 1550 x 310 x 550 mm &#8211; 110 kg<\/p>\n<p>&lt;iframe width=&quot;560&quot; height=&quot;315&quot; src=&quot;https:\/\/www.youtube.com\/embed\/Q8OObU85dq0?si=yv7AHxooxWTLxJrW&quot; title=&quot;YouTube video player&quot; frameborder=&quot;0&quot; allow=&quot;accelerometer; autoplay; clipboard-write; encrypted-media; gyroscope; picture-in-picture; web-share&quot; referrerpolicy=&quot;strict-origin-when-cross-origin&quot; allowfullscreen&gt;&lt;\/iframe&gt;<\/p>","protected":false},"excerpt":{"rendered":"<p>Variklio galia 0.75 KW Maitinimas 220 V, 50 Hz Max ratlankio diametras 45&quot; (1143 mm) Max ratlankio plotis 16&quot; (406 mm) I\u0161orinis griebtuvas 12&quot; ~ 23&quot; Vidinis griebtuvas 14&quot; ~<\/p>","protected":false},"featured_media":422286,"comment_status":"closed","ping_status":"open","template":"","meta":[],"product_cat":[11095,10287,11273,11274],"product_tag":[],"class_list":{"0":"post-422284","1":"product","2":"type-product","3":"status-publish","4":"has-post-thumbnail","6":"product_brand-puli","7":"product_cat-autoservisu-iranga-prekiu-katalogas","8":"product_cat-prekiu-katalogas","9":"product_cat-ratu-balansavimas-montavimas-autoservisu-iranga-prekiu-katalogas","10":"product_cat-ratu-montavimo-stakles","12":"first","13":"instock","14":"purchasable","15":"product-type-simple"},"jetpack_sharing_enabled":true,"_links":{"self":[{"href":"https:\/\/raktoras.lt\/ru\/wp-json\/wp\/v2\/product\/422284","targetHints":{"allow":["GET"]}}],"collection":[{"href":"https:\/\/raktoras.lt\/ru\/wp-json\/wp\/v2\/product"}],"about":[{"href":"https:\/\/raktoras.lt\/ru\/wp-json\/wp\/v2\/types\/product"}],"replies":[{"embeddable":true,"href":"https:\/\/raktoras.lt\/ru\/wp-json\/wp\/v2\/comments?post=422284"}],"version-history":[{"count":1,"href":"https:\/\/raktoras.lt\/ru\/wp-json\/wp\/v2\/product\/422284\/revisions"}],"predecessor-version":[{"id":422285,"href":"https:\/\/raktoras.lt\/ru\/wp-json\/wp\/v2\/product\/422284\/revisions\/422285"}],"wp:featuredmedia":[{"embeddable":true,"href":"https:\/\/raktoras.lt\/ru\/wp-json\/wp\/v2\/media\/422286"}],"wp:attachment":[{"href":"https:\/\/raktoras.lt\/ru\/wp-json\/wp\/v2\/media?parent=422284"}],"wp:term":[{"taxonomy":"product_cat","embeddable":true,"href":"https:\/\/raktoras.lt\/ru\/wp-json\/wp\/v2\/product_cat?post=422284"},{"taxonomy":"product_tag","embeddable":true,"href":"https:\/\/raktoras.lt\/ru\/wp-json\/wp\/v2\/product_tag?post=422284"}],"curies":[{"name":"wp","href":"https:\/\/api.w.org\/{rel}","templated":true}]}}