{"id":423067,"date":"2026-01-19T07:14:40","date_gmt":"2026-01-19T07:14:40","guid":{"rendered":"https:\/\/raktoras.lt\/product\/ikroviklis-akumuliatoriui-elektroninis-6-12v-2-4a-200ah\/"},"modified":"2026-01-19T09:51:30","modified_gmt":"2026-01-19T09:51:30","slug":"ikroviklis-akumuliatoriui-elektroninis-6-12v-2-4a-200ah","status":"publish","type":"product","link":"https:\/\/raktoras.lt\/ru\/product\/ikroviklis-akumuliatoriui-elektroninis-6-12v-2-4a-200ah\/","title":{"rendered":"\u012ekroviklis akumuliatoriui elektroninis 6\/12V 2\/4A 200Ah"},"content":{"rendered":"<p>Profesionalus prietaisas 6 V ir 12 V akumuliatori\u0173 \u012fkrovimui motociklams, automobiliams, furgonams, traktoriams, motorin\u0117ms valtims. Jis leid\u017eia \u012fkrauti vadinam\u0105sias \u0161lapias baterijas, gelines, AGM ir EFB baterijas.<br \/>\n\tTinkamos \u012ftampos palaikymo funkcija akumuliatoriuose, veikian\u010diuose ramyb\u0117s re\u017eimu &ndash; taupantis \u012fkrovimas<br \/>\n\tTrumpojo jungimo apsauga<br \/>\n\tApsauga nuo per didelio akumuliatoriaus \u012fkrovimo<br \/>\n\tSkaidrus LCD ekranas<br \/>\n\tMikroprocesorius, veikiantis auk\u0161to da\u017enio technologija.<br \/>\n\tDid\u017eiausia \u012fkrovimo srov\u0117 [A]: 4<br \/>\n\tPalaikom\u0173 baterij\u0173 tipai: \u0161lapios, gelin\u0117s, AGM, EFB<br \/>\n\tMatavimo diapazonas [V]: 6&ndash;12<br \/>\n\tRekomenduojama akumuliatoriaus talpa [Ah]: 200&nbsp;&nbsp;<\/p>","protected":false},"excerpt":{"rendered":"<p>Profesionalus prietaisas 6 V ir 12 V akumuliatori\u0173 \u012fkrovimui motociklams, automobiliams, furgonams, traktoriams, motorin\u0117ms valtims. Jis leid\u017eia \u012fkrauti vadinam\u0105sias \u0161lapias baterijas, gelines, AGM ir EFB baterijas. Tinkamos \u012ftampos palaikymo funkcija<\/p>","protected":false},"featured_media":423069,"comment_status":"closed","ping_status":"closed","template":"","meta":[],"product_cat":[11445,11560,10287],"product_tag":[],"class_list":{"0":"post-423067","1":"product","2":"type-product","3":"status-publish","4":"has-post-thumbnail","6":"product_brand-yato","7":"product_cat-ikrovikliai-avariniai-laidai-prekiu-katalogas","8":"product_cat-ikrovikliai-ikrovikliai-paleidejai-ikrovikliai-avariniai-laidai-prekiu-katalogas","9":"product_cat-prekiu-katalogas","11":"first","12":"instock","13":"purchasable","14":"product-type-simple"},"jetpack_sharing_enabled":true,"_links":{"self":[{"href":"https:\/\/raktoras.lt\/ru\/wp-json\/wp\/v2\/product\/423067","targetHints":{"allow":["GET"]}}],"collection":[{"href":"https:\/\/raktoras.lt\/ru\/wp-json\/wp\/v2\/product"}],"about":[{"href":"https:\/\/raktoras.lt\/ru\/wp-json\/wp\/v2\/types\/product"}],"replies":[{"embeddable":true,"href":"https:\/\/raktoras.lt\/ru\/wp-json\/wp\/v2\/comments?post=423067"}],"version-history":[{"count":1,"href":"https:\/\/raktoras.lt\/ru\/wp-json\/wp\/v2\/product\/423067\/revisions"}],"predecessor-version":[{"id":423068,"href":"https:\/\/raktoras.lt\/ru\/wp-json\/wp\/v2\/product\/423067\/revisions\/423068"}],"wp:featuredmedia":[{"embeddable":true,"href":"https:\/\/raktoras.lt\/ru\/wp-json\/wp\/v2\/media\/423069"}],"wp:attachment":[{"href":"https:\/\/raktoras.lt\/ru\/wp-json\/wp\/v2\/media?parent=423067"}],"wp:term":[{"taxonomy":"product_cat","embeddable":true,"href":"https:\/\/raktoras.lt\/ru\/wp-json\/wp\/v2\/product_cat?post=423067"},{"taxonomy":"product_tag","embeddable":true,"href":"https:\/\/raktoras.lt\/ru\/wp-json\/wp\/v2\/product_tag?post=423067"}],"curies":[{"name":"wp","href":"https:\/\/api.w.org\/{rel}","templated":true}]}}