{"id":423070,"date":"2026-01-19T07:14:54","date_gmt":"2026-01-19T07:14:54","guid":{"rendered":"https:\/\/raktoras.lt\/product\/trapecinis-peilis-su-keiciama-gelezte-uzsilenkiantis-19mm\/"},"modified":"2026-01-19T09:50:46","modified_gmt":"2026-01-19T09:50:46","slug":"trapecinis-peilis-su-keiciama-gelezte-uzsilenkiantis-19mm","status":"publish","type":"product","link":"https:\/\/raktoras.lt\/ru\/product\/trapecinis-peilis-su-keiciama-gelezte-uzsilenkiantis-19mm\/","title":{"rendered":"Trapecinis peilis su kei\u010diama gele\u017ete u\u017esilenkiantis 19mm"},"content":{"rendered":"<p>A\u0161men\u0173 korpusas pagamintas i\u0161 cinko lydinio med\u017eiagos, tvirtas ir patvarus<br \/>\n\tPavir\u0161ius da\u017eytas ir padengtas dviej\u0173 spalv\u0173 med\u017eiagomis, kuri\u0173 sud\u0117tyje yra auk\u0161tos kokyb\u0117s gumos (TPR) ir in\u017einerinio plastiko (ABS)<br \/>\n\tFiksavimo pad\u0117tys &ndash; sulankstomi peiliai u\u017esifiksuoja atviroje arba u\u017edarytoje pad\u0117tyje, kad padidint\u0173 saugum\u0105 ir standum\u0105<br \/>\n\tPjauna storas med\u017eiagas &ndash; d\u0117l plienini\u0173 peili\u0173 ir tvirtos konstrukcijos \u0161is peilis gali pjauti \u012fvairias med\u017eiagas<br \/>\n\tLengva laikyti a\u0161menis &ndash; \u0161io peilio korpuse laikykite papildomus SK2 plieninius peiliukus (19x60mm)<br \/>\n\tGreitas a\u0161men\u0173 keitimas &ndash; paprastas a\u0161men\u0173 atleidimo mechanizmas leid\u017eia greitai pakeisti peilius ir \u012fveikti kit\u0105 i\u0161\u0161\u016bk\u012f<\/p>","protected":false},"excerpt":{"rendered":"<p>A\u0161men\u0173 korpusas pagamintas i\u0161 cinko lydinio med\u017eiagos, tvirtas ir patvarus Pavir\u0161ius da\u017eytas ir padengtas dviej\u0173 spalv\u0173 med\u017eiagomis, kuri\u0173 sud\u0117tyje yra auk\u0161tos kokyb\u0117s gumos (TPR) ir in\u017einerinio plastiko (ABS) Fiksavimo pad\u0117tys<\/p>","protected":false},"featured_media":418239,"comment_status":"closed","ping_status":"closed","template":"","meta":[],"product_cat":[11092,10287,11080,11083],"product_tag":[],"class_list":{"0":"post-423070","1":"product","2":"type-product","3":"status-publish","4":"has-post-thumbnail","6":"product_brand-sata","7":"product_cat-pjovikliai-pjuklai-vielos-ir-kabelio-zirkles-reples-zirkles-pjovimo-irankiai-rankiniai-irankiai","8":"product_cat-prekiu-katalogas","9":"product_cat-rankiniai-irankiai","10":"product_cat-reples-zirkles-pjovimo-irankiai-rankiniai-irankiai","12":"first","13":"instock","14":"purchasable","15":"product-type-simple"},"jetpack_sharing_enabled":true,"_links":{"self":[{"href":"https:\/\/raktoras.lt\/ru\/wp-json\/wp\/v2\/product\/423070","targetHints":{"allow":["GET"]}}],"collection":[{"href":"https:\/\/raktoras.lt\/ru\/wp-json\/wp\/v2\/product"}],"about":[{"href":"https:\/\/raktoras.lt\/ru\/wp-json\/wp\/v2\/types\/product"}],"replies":[{"embeddable":true,"href":"https:\/\/raktoras.lt\/ru\/wp-json\/wp\/v2\/comments?post=423070"}],"version-history":[{"count":1,"href":"https:\/\/raktoras.lt\/ru\/wp-json\/wp\/v2\/product\/423070\/revisions"}],"predecessor-version":[{"id":423071,"href":"https:\/\/raktoras.lt\/ru\/wp-json\/wp\/v2\/product\/423070\/revisions\/423071"}],"wp:featuredmedia":[{"embeddable":true,"href":"https:\/\/raktoras.lt\/ru\/wp-json\/wp\/v2\/media\/418239"}],"wp:attachment":[{"href":"https:\/\/raktoras.lt\/ru\/wp-json\/wp\/v2\/media?parent=423070"}],"wp:term":[{"taxonomy":"product_cat","embeddable":true,"href":"https:\/\/raktoras.lt\/ru\/wp-json\/wp\/v2\/product_cat?post=423070"},{"taxonomy":"product_tag","embeddable":true,"href":"https:\/\/raktoras.lt\/ru\/wp-json\/wp\/v2\/product_tag?post=423070"}],"curies":[{"name":"wp","href":"https:\/\/api.w.org\/{rel}","templated":true}]}}