{"id":423158,"date":"2026-01-19T07:27:21","date_gmt":"2026-01-19T07:27:21","guid":{"rendered":"https:\/\/raktoras.lt\/product\/optimizatorius-ar-ur-gost-m16-lite\/"},"modified":"2026-01-19T09:37:58","modified_gmt":"2026-01-19T09:37:58","slug":"optimizatorius-ar-ur-gost-m16-lite","status":"publish","type":"product","link":"https:\/\/raktoras.lt\/ru\/product\/optimizatorius-ar-ur-gost-m16-lite\/","title":{"rendered":"Optimizatorius AR\/UR GOST M16 Lite"},"content":{"rendered":"<p>Dirbant su anglies dioksidu ir argonu, taupo duj\u0173 sunaudojim\u0105 iki 50%<br \/>\n\t\u017darnos &oslash; 6 mm ir &oslash; 9 mm<br \/>\n\tStandartas GOST&nbsp;<\/p>\n<p>DM optimizavimo priemon\u0117 suteikia:<br \/>\n\t&ndash; optimalus apsaugini\u0173 duj\u0173 srautas nuo pirm\u0173j\u0173 sekund\u017ei\u0173;<br \/>\n\t&ndash; apta\u0161kymo apsaugojimas suvirinimo prad\u017eioje;<br \/>\n\t&ndash; dvigubai daugiau si\u016bli\u0173 su tuo pa\u010diu duj\u0173 kiekiu.&nbsp;<\/p>","protected":false},"excerpt":{"rendered":"<p>Dirbant su anglies dioksidu ir argonu, taupo duj\u0173 sunaudojim\u0105 iki 50% \u017darnos &oslash; 6 mm ir &oslash; 9 mm Standartas GOST&nbsp; DM optimizavimo priemon\u0117 suteikia: &ndash; optimalus apsaugini\u0173 duj\u0173 srautas<\/p>","protected":false},"featured_media":423160,"comment_status":"closed","ping_status":"closed","template":"","meta":[],"product_cat":[10287,11441,11372],"product_tag":[],"class_list":{"0":"post-423158","1":"product","2":"type-product","3":"status-publish","4":"has-post-thumbnail","6":"product_brand-donmet","7":"product_cat-prekiu-katalogas","8":"product_cat-reduktoriai-reguliatoriai-optimizatoriai-zarnos-suvirinimo-iranga","9":"product_cat-suvirinimo-iranga","11":"first","12":"instock","13":"purchasable","14":"product-type-simple"},"jetpack_sharing_enabled":true,"_links":{"self":[{"href":"https:\/\/raktoras.lt\/ru\/wp-json\/wp\/v2\/product\/423158","targetHints":{"allow":["GET"]}}],"collection":[{"href":"https:\/\/raktoras.lt\/ru\/wp-json\/wp\/v2\/product"}],"about":[{"href":"https:\/\/raktoras.lt\/ru\/wp-json\/wp\/v2\/types\/product"}],"replies":[{"embeddable":true,"href":"https:\/\/raktoras.lt\/ru\/wp-json\/wp\/v2\/comments?post=423158"}],"version-history":[{"count":1,"href":"https:\/\/raktoras.lt\/ru\/wp-json\/wp\/v2\/product\/423158\/revisions"}],"predecessor-version":[{"id":423159,"href":"https:\/\/raktoras.lt\/ru\/wp-json\/wp\/v2\/product\/423158\/revisions\/423159"}],"wp:featuredmedia":[{"embeddable":true,"href":"https:\/\/raktoras.lt\/ru\/wp-json\/wp\/v2\/media\/423160"}],"wp:attachment":[{"href":"https:\/\/raktoras.lt\/ru\/wp-json\/wp\/v2\/media?parent=423158"}],"wp:term":[{"taxonomy":"product_cat","embeddable":true,"href":"https:\/\/raktoras.lt\/ru\/wp-json\/wp\/v2\/product_cat?post=423158"},{"taxonomy":"product_tag","embeddable":true,"href":"https:\/\/raktoras.lt\/ru\/wp-json\/wp\/v2\/product_tag?post=423158"}],"curies":[{"name":"wp","href":"https:\/\/api.w.org\/{rel}","templated":true}]}}