{"id":423280,"date":"2026-01-19T07:40:52","date_gmt":"2026-01-19T07:40:52","guid":{"rendered":"https:\/\/raktoras.lt\/product\/akumuliatorinis-smuginis-verzliasukis-trom-1-2-20v-li-ion\/"},"modified":"2026-04-03T21:36:01","modified_gmt":"2026-04-03T21:36:01","slug":"akumuliatorinis-smuginis-verzliasukis-trom-1-2-20v-li-ion","status":"publish","type":"product","link":"https:\/\/raktoras.lt\/ru\/product\/akumuliatorinis-smuginis-verzliasukis-trom-1-2-20v-li-ion\/","title":{"rendered":"Akumuliatorinis sm\u016bginis ver\u017eliasukis TROM 1\/2&#8221; 20V LI-ION"},"content":{"rendered":"<p>1\/2&#8243; kvadratas (12.7 mm)<br \/>\nMax. sukimo momentas 1800 Nm<br \/>\nApsisukim\u0173 skai\u010dius tu\u0161\u010di\u0105ja eiga: 0 &#8211; 1800 aps.\/min.<br \/>\nSm\u016bgi\u0173 da\u017enis: 0 &#8211; 2400 sm\u016bgi\u0173 \/ min.<br \/>\nAkumuliatorius Li-ion 20 V, 6.0 Ah<br \/>\n\u012ekrovos laikas &#8211; 120 min<br \/>\nAkumuliatoriaus \u012fkrovos indikatorius<br \/>\nVeikimo laikas ~60min<br \/>\nSvoris: 3.25 kg (be akumuliatoriaus)<br \/>\nCE atitiktis<\/p>\n<p>Komplekte 2 akumuliatoriai 6.0 Ah ir \u012fkroviklis, supakuota patogioje plastikin\u0117je d\u0117\u017e\u0117je<\/p>","protected":false},"excerpt":{"rendered":"<p>1\/2&#8243; kvadratas (12.7 mm) Max. sukimo momentas 1800 Nm Apsisukim\u0173 skai\u010dius tu\u0161\u010di\u0105ja eiga: 0 &#8211; 1800 aps.\/min. Sm\u016bgi\u0173 da\u017enis: 0 &#8211; 2400 sm\u016bgi\u0173 \/ min. Akumuliatorius Li-ion 20 V, 6.0<\/p>","protected":false},"featured_media":419298,"comment_status":"closed","ping_status":"closed","template":"","meta":[],"product_cat":[11746,11742,10287,11752],"product_tag":[],"class_list":{"0":"post-423280","1":"product","2":"type-product","3":"status-publish","4":"has-post-thumbnail","6":"product_cat-akumuliatoriniai-irankiai-elektriniai-ir-akumuliatoriniai-irankiai","7":"product_cat-elektriniai-ir-akumuliatoriniai-irankiai","8":"product_cat-prekiu-katalogas","9":"product_cat-smuginiai-suktuvai-akumuliatoriniai-irankiai-elektriniai-ir-akumuliatoriniai-irankiai","11":"first","12":"outofstock","13":"purchasable","14":"product-type-simple"},"jetpack_sharing_enabled":true,"_links":{"self":[{"href":"https:\/\/raktoras.lt\/ru\/wp-json\/wp\/v2\/product\/423280","targetHints":{"allow":["GET"]}}],"collection":[{"href":"https:\/\/raktoras.lt\/ru\/wp-json\/wp\/v2\/product"}],"about":[{"href":"https:\/\/raktoras.lt\/ru\/wp-json\/wp\/v2\/types\/product"}],"replies":[{"embeddable":true,"href":"https:\/\/raktoras.lt\/ru\/wp-json\/wp\/v2\/comments?post=423280"}],"version-history":[{"count":2,"href":"https:\/\/raktoras.lt\/ru\/wp-json\/wp\/v2\/product\/423280\/revisions"}],"predecessor-version":[{"id":423627,"href":"https:\/\/raktoras.lt\/ru\/wp-json\/wp\/v2\/product\/423280\/revisions\/423627"}],"wp:featuredmedia":[{"embeddable":true,"href":"https:\/\/raktoras.lt\/ru\/wp-json\/wp\/v2\/media\/419298"}],"wp:attachment":[{"href":"https:\/\/raktoras.lt\/ru\/wp-json\/wp\/v2\/media?parent=423280"}],"wp:term":[{"taxonomy":"product_cat","embeddable":true,"href":"https:\/\/raktoras.lt\/ru\/wp-json\/wp\/v2\/product_cat?post=423280"},{"taxonomy":"product_tag","embeddable":true,"href":"https:\/\/raktoras.lt\/ru\/wp-json\/wp\/v2\/product_tag?post=423280"}],"curies":[{"name":"wp","href":"https:\/\/api.w.org\/{rel}","templated":true}]}}