{"id":423362,"date":"2026-01-19T07:54:42","date_gmt":"2026-01-19T07:54:42","guid":{"rendered":"https:\/\/raktoras.lt\/product\/variklio-alyva-mannol-classic-10w-40-5l\/"},"modified":"2026-01-19T09:21:08","modified_gmt":"2026-01-19T09:21:08","slug":"variklio-alyva-mannol-classic-10w-40-5l","status":"publish","type":"product","link":"https:\/\/raktoras.lt\/ru\/product\/variklio-alyva-mannol-classic-10w-40-5l\/","title":{"rendered":"Variklio alyva MANNOL CLASSIC 10W-40 5l"},"content":{"rendered":"<p>Universali esteri\u0173 turinti HC-sintetin\u0117 variklin\u0117 alyva, skirta \u0161iuolaikiniams benzininiams ir dyzeliniams varikliams su turbokompresoriumi ir be jo, tiek su keli\u0173 vo\u017etuv\u0173, tiek su tiesioginiu \u012fpur\u0161kimu, \u012fskaitant &bdquo;sen\u0173&ldquo; marki\u0173 ir didel\u0117s ridos transporto priemones. Sukurta pagal Europos gamintoj\u0173 reikalavimus.<\/p>\n<p>Produkto savyb\u0117s:<br \/>\n\t&#8211; Esterin\u0117 technologija kartu su HC baze su i\u0161pl\u0117stu klampumo-temperat\u016bros savybi\u0173 diapazonu u\u017etikrina efektyv\u0173 variklio darb\u0105 visais darbo re\u017eimais: \u0161alto u\u017evedimo metu, miesto ir greitkelio re\u017eimais, esant padidintai apkrovai (va\u017eiuojant bekele ir \u012fkaln\u0117je, vilkimas, va\u017eiavimas su maksimalia apkrova), ir esant auk\u0161tai aplinkos temperat\u016brai;<br \/>\n\t&#8211; Puikiai tinka aktyviam vairavimui. Nepraranda savo funkcionalumo naudojant kintamos kokyb\u0117s kur\u0105 (sieros kiekis iki 500 ppm) d\u0117l didelio bendrojo bazinio skai\u010diaus (TBN);<br \/>\n\t&#8211; I\u0161saugo variklio galios parametrus ir funkcionalum\u0105 per vis\u0105 interval\u0105 tarp keitim\u0173;<br \/>\n\t&#8211; Esteriniai komponentai kartu su unikaliu moderniu pried\u0173 paketu u\u017etikrina puikias nusid\u0117v\u0117jimo ir trinties savybes d\u0117l i\u0161skirtinio alyvos pl\u0117vel\u0117s ilgaam\u017ei\u0161kumo, kuris kartu su geru siurbiamumu \u017eymiai padidina variklio tarnavimo laik\u0105 net ir transporto priemon\u0117se su start-stop sistemomis bei \u0161alto u\u017evedimo metu;<br \/>\n\t&#8211; Puikios plovimo ir i\u0161sklaidymo savyb\u0117s, kartu su auk\u0161\u010diausiu terminiu oksidaciniu stabilumu, veiksmingai apsaugo nuo vis\u0173 tip\u0173 nuos\u0117d\u0173 (\u012fskaitant lako nuos\u0117das ir suod\u017eius) ir palaiko i\u0161skirtinai \u0161varias variklio dalis per vis\u0105 interval\u0105 tarp keitim\u0173;<br \/>\n\t&#8211; Tinka varikliams, dirbantiems su suskystintomis gamtin\u0117mis (SGD) ir naftos (SND) dujomis.<\/p>\n<p>Skirtas \u012fvairi\u0173 Europos ir kit\u0173 gamintoj\u0173 transporto priemoni\u0173 (automobili\u0173, lengv\u0173j\u0173 visureigi\u0173, furgon\u0173 ir lengv\u0173j\u0173 sunkve\u017eimi\u0173) benzininiams ir dyzeliniams varikliams. Rekomenduojamas Daimler, VW ir Renault automobili\u0173 varikliams.<br \/>\n\tAlyva netinka naudoti sunkiasvoriuose sunkve\u017eimiuose ir pana\u0161iose transporto priemon\u0117se!<\/p>\n<p>Specifikacija: SAE 10W-40<\/p>\n<p>Gamintojo rekomendacijos:<br \/>\n\tAPI SN\/CH-4<br \/>\n\tACEA A3\/B4<br \/>\n\tJASO MA2<br \/>\n\tVOLKSWAGEN 505 00<br \/>\n\tVOLKSWAGEN 502 00<br \/>\n\tVOLKSWAGEN 501 01<br \/>\n\tVOLKSWAGEN 500 00<br \/>\n\tMB 229.3<br \/>\n\tMB 229.1<br \/>\n\tPSA B71 2296<br \/>\n\tRENAULT RN0700<br \/>\n\tRENAULT RN0710 &nbsp;<\/p>","protected":false},"excerpt":{"rendered":"<p>Universali esteri\u0173 turinti HC-sintetin\u0117 variklin\u0117 alyva, skirta \u0161iuolaikiniams benzininiams ir dyzeliniams varikliams su turbokompresoriumi ir be jo, tiek su keli\u0173 vo\u017etuv\u0173, tiek su tiesioginiu \u012fpur\u0161kimu, \u012fskaitant &bdquo;sen\u0173&ldquo; marki\u0173 ir didel\u0117s<\/p>","protected":false},"featured_media":421860,"comment_status":"closed","ping_status":"closed","template":"","meta":[],"product_cat":[11737,11730,10287],"product_tag":[],"class_list":{"0":"post-423362","1":"product","2":"type-product","3":"status-publish","4":"has-post-thumbnail","6":"product_brand-mannol","7":"product_cat-autochemija-alyvos-automobiliniai-priedai-autochemija-ivairus","8":"product_cat-automobiliniai-priedai-autochemija-ivairus","9":"product_cat-prekiu-katalogas","11":"first","12":"instock","13":"purchasable","14":"product-type-simple"},"jetpack_sharing_enabled":true,"_links":{"self":[{"href":"https:\/\/raktoras.lt\/ru\/wp-json\/wp\/v2\/product\/423362","targetHints":{"allow":["GET"]}}],"collection":[{"href":"https:\/\/raktoras.lt\/ru\/wp-json\/wp\/v2\/product"}],"about":[{"href":"https:\/\/raktoras.lt\/ru\/wp-json\/wp\/v2\/types\/product"}],"replies":[{"embeddable":true,"href":"https:\/\/raktoras.lt\/ru\/wp-json\/wp\/v2\/comments?post=423362"}],"version-history":[{"count":1,"href":"https:\/\/raktoras.lt\/ru\/wp-json\/wp\/v2\/product\/423362\/revisions"}],"predecessor-version":[{"id":423363,"href":"https:\/\/raktoras.lt\/ru\/wp-json\/wp\/v2\/product\/423362\/revisions\/423363"}],"wp:featuredmedia":[{"embeddable":true,"href":"https:\/\/raktoras.lt\/ru\/wp-json\/wp\/v2\/media\/421860"}],"wp:attachment":[{"href":"https:\/\/raktoras.lt\/ru\/wp-json\/wp\/v2\/media?parent=423362"}],"wp:term":[{"taxonomy":"product_cat","embeddable":true,"href":"https:\/\/raktoras.lt\/ru\/wp-json\/wp\/v2\/product_cat?post=423362"},{"taxonomy":"product_tag","embeddable":true,"href":"https:\/\/raktoras.lt\/ru\/wp-json\/wp\/v2\/product_tag?post=423362"}],"curies":[{"name":"wp","href":"https:\/\/api.w.org\/{rel}","templated":true}]}}