{"id":423431,"date":"2026-01-19T08:06:41","date_gmt":"2026-01-19T08:06:41","guid":{"rendered":"https:\/\/raktoras.lt\/product\/atsuktuvu-rinkinys-20vnt-pl-ph-hex-kabliukai\/"},"modified":"2026-01-19T09:08:40","modified_gmt":"2026-01-19T09:08:40","slug":"atsuktuvu-rinkinys-20vnt-pl-ph-hex-kabliukai","status":"publish","type":"product","link":"https:\/\/raktoras.lt\/ru\/product\/atsuktuvu-rinkinys-20vnt-pl-ph-hex-kabliukai\/","title":{"rendered":"Atsuktuv\u0173 rinkinys 20vnt., (pl.\/PH\/Hex\/kabliukai)"},"content":{"rendered":"<p>PH1 x 75 mm, PH2 x 100 mm, PH3 x 100 mm, PH3 x 150 mm<br \/>\n\tPlok\u0161\u010dias 3 x 75 mm, 5 x 100 mm, 6 x 100 mm<br \/>\n\tSm\u016bginis PH3 x 150 mm<br \/>\n\tSm\u016bginis plok\u0161\u010dias 6.3 x 150 mm<br \/>\n\tHEX atsuktuvai 1.5, 2, 2.5, 3, 4, 5, 6 mm<br \/>\n\tKabliukai 4 vnt &nbsp;<\/p>","protected":false},"excerpt":{"rendered":"<p>PH1 x 75 mm, PH2 x 100 mm, PH3 x 100 mm, PH3 x 150 mm Plok\u0161\u010dias 3 x 75 mm, 5 x 100 mm, 6 x 100 mm Sm\u016bginis<\/p>","protected":false},"featured_media":423433,"comment_status":"closed","ping_status":"closed","template":"","meta":[],"product_cat":[11089,11093,10287,11080],"product_tag":[],"class_list":{"0":"post-423431","1":"product","2":"type-product","3":"status-publish","4":"has-post-thumbnail","6":"product_brand-changlu-tools","7":"product_cat-atsuktuvai-antgaliai-laikikliai-rankiniai-irankiai","8":"product_cat-atsuktuvu-rinkiniai-atsuktuvai-antgaliai-laikikliai-rankiniai-irankiai","9":"product_cat-prekiu-katalogas","10":"product_cat-rankiniai-irankiai","12":"first","13":"outofstock","14":"purchasable","15":"product-type-simple"},"jetpack_sharing_enabled":true,"_links":{"self":[{"href":"https:\/\/raktoras.lt\/ru\/wp-json\/wp\/v2\/product\/423431","targetHints":{"allow":["GET"]}}],"collection":[{"href":"https:\/\/raktoras.lt\/ru\/wp-json\/wp\/v2\/product"}],"about":[{"href":"https:\/\/raktoras.lt\/ru\/wp-json\/wp\/v2\/types\/product"}],"replies":[{"embeddable":true,"href":"https:\/\/raktoras.lt\/ru\/wp-json\/wp\/v2\/comments?post=423431"}],"version-history":[{"count":1,"href":"https:\/\/raktoras.lt\/ru\/wp-json\/wp\/v2\/product\/423431\/revisions"}],"predecessor-version":[{"id":423432,"href":"https:\/\/raktoras.lt\/ru\/wp-json\/wp\/v2\/product\/423431\/revisions\/423432"}],"wp:featuredmedia":[{"embeddable":true,"href":"https:\/\/raktoras.lt\/ru\/wp-json\/wp\/v2\/media\/423433"}],"wp:attachment":[{"href":"https:\/\/raktoras.lt\/ru\/wp-json\/wp\/v2\/media?parent=423431"}],"wp:term":[{"taxonomy":"product_cat","embeddable":true,"href":"https:\/\/raktoras.lt\/ru\/wp-json\/wp\/v2\/product_cat?post=423431"},{"taxonomy":"product_tag","embeddable":true,"href":"https:\/\/raktoras.lt\/ru\/wp-json\/wp\/v2\/product_tag?post=423431"}],"curies":[{"name":"wp","href":"https:\/\/api.w.org\/{rel}","templated":true}]}}