{"id":423492,"date":"2026-01-19T08:09:39","date_gmt":"2026-01-19T08:09:39","guid":{"rendered":"https:\/\/raktoras.lt\/product\/kabelio-kirpimo-zirkles-elektrikui-vde-200mm-knipex\/"},"modified":"2026-02-11T02:42:40","modified_gmt":"2026-02-11T02:42:40","slug":"kabelio-kirpimo-zirkles-elektrikui-vde-200mm-knipex","status":"publish","type":"product","link":"https:\/\/raktoras.lt\/ru\/product\/kabelio-kirpimo-zirkles-elektrikui-vde-200mm-knipex\/","title":{"rendered":"Kabelio kirpimo \u017eirkl\u0117s elektrikui VDE 200mm KNIPEX"},"content":{"rendered":"<p><strong>Prek\u0117s Nr.: 95 16 200<br \/>\nEAN: 4003773026761\u00a0<\/strong><br \/>\n\u0160varus ir lygus pjovimas be suspaudimo ir deformacijos<br \/>\nLengvas pjovimas viena ranka<br \/>\nReguliuojama var\u017etin\u0117 jungtis, savilaikis var\u017etas<br \/>\nPjauna daugiagyslius suvytusius varinius ir aliuminio kabelius iki \u00d8 20 mm (70 mm\u00b2)<br \/>\nNetinka plieninei vielai ir kietiems variniams laidams<br \/>\nTiksliai \u0161lifuoti, gr\u016bdinti peiliai<br \/>\nSu apsauga<br \/>\nPjovimo galia variniam, daugiagysliui kabeliui \u00d8 20 mm<br \/>\nPjovimo galia variniam, daugiagysliui kabeliui 70 mm\u00b2<br \/>\nVDE patikrinta: Taip<br \/>\nMatmenys 200 x 68 x 19 mm<br \/>\nStandartas DIN EN 60900 IEC 60900<br \/>\nSvoris 340 g<\/p>\n<p><iframe title=\"YouTube video player\" src=\"https:\/\/www.youtube.com\/embed\/hKlZVNMJ0rE?si=c5KRBrzJQwPf06Lh\" width=\"560\" height=\"315\" frameborder=\"0\" allowfullscreen=\"allowfullscreen\"><\/iframe><\/p>","protected":false},"excerpt":{"rendered":"<p>Prek\u0117s Nr.: 95 16 200 EAN: 4003773026761\u00a0 \u0160varus ir lygus pjovimas be suspaudimo ir deformacijos Lengvas pjovimas viena ranka Reguliuojama var\u017etin\u0117 jungtis, savilaikis var\u017etas Pjauna daugiagyslius suvytusius varinius ir aliuminio<\/p>","protected":false},"featured_media":423494,"comment_status":"closed","ping_status":"closed","template":"","meta":[],"product_cat":[11092,10287,11080,11083],"product_tag":[],"class_list":{"0":"post-423492","1":"product","2":"type-product","3":"status-publish","4":"has-post-thumbnail","6":"product_brand-knipex","7":"product_cat-pjovikliai-pjuklai-vielos-ir-kabelio-zirkles-reples-zirkles-pjovimo-irankiai-rankiniai-irankiai","8":"product_cat-prekiu-katalogas","9":"product_cat-rankiniai-irankiai","10":"product_cat-reples-zirkles-pjovimo-irankiai-rankiniai-irankiai","12":"first","13":"instock","14":"purchasable","15":"product-type-simple"},"jetpack_sharing_enabled":true,"_links":{"self":[{"href":"https:\/\/raktoras.lt\/ru\/wp-json\/wp\/v2\/product\/423492","targetHints":{"allow":["GET"]}}],"collection":[{"href":"https:\/\/raktoras.lt\/ru\/wp-json\/wp\/v2\/product"}],"about":[{"href":"https:\/\/raktoras.lt\/ru\/wp-json\/wp\/v2\/types\/product"}],"replies":[{"embeddable":true,"href":"https:\/\/raktoras.lt\/ru\/wp-json\/wp\/v2\/comments?post=423492"}],"version-history":[{"count":2,"href":"https:\/\/raktoras.lt\/ru\/wp-json\/wp\/v2\/product\/423492\/revisions"}],"predecessor-version":[{"id":423626,"href":"https:\/\/raktoras.lt\/ru\/wp-json\/wp\/v2\/product\/423492\/revisions\/423626"}],"wp:featuredmedia":[{"embeddable":true,"href":"https:\/\/raktoras.lt\/ru\/wp-json\/wp\/v2\/media\/423494"}],"wp:attachment":[{"href":"https:\/\/raktoras.lt\/ru\/wp-json\/wp\/v2\/media?parent=423492"}],"wp:term":[{"taxonomy":"product_cat","embeddable":true,"href":"https:\/\/raktoras.lt\/ru\/wp-json\/wp\/v2\/product_cat?post=423492"},{"taxonomy":"product_tag","embeddable":true,"href":"https:\/\/raktoras.lt\/ru\/wp-json\/wp\/v2\/product_tag?post=423492"}],"curies":[{"name":"wp","href":"https:\/\/api.w.org\/{rel}","templated":true}]}}