{"id":423540,"date":"2026-01-19T08:11:15","date_gmt":"2026-01-19T08:11:15","guid":{"rendered":"https:\/\/raktoras.lt\/product\/terksle-reversine-1-4-72th-lanksti-ovalo-formos-galvute\/"},"modified":"2026-01-19T08:45:11","modified_gmt":"2026-01-19T08:45:11","slug":"terksle-reversine-1-4-72th-lanksti-ovalo-formos-galvute","status":"publish","type":"product","link":"https:\/\/raktoras.lt\/ru\/product\/terksle-reversine-1-4-72th-lanksti-ovalo-formos-galvute\/","title":{"rendered":"Terk\u0161l\u0117 reversin\u0117 1\/4&#8243; 72TH (lanksti ovalo formos galvut\u0117)"},"content":{"rendered":"<p>7 pad\u0117\u010di\u0173 lanksti galvut\u0117 suteikia prieig\u0105 prie sunkiai pasiekiam\u0173 tvirtinimo detali\u0173<br \/>\n\t72 dant\u0173 terk\u0161l\u0117s konstrukcijai reikia vos 5&deg; pos\u016bkio kampo, kad b\u016bt\u0173 galima pasukti tvirtinimo detal\u0119<br \/>\n\t72 dant\u0173 terk\u0161l\u0117s konstrukcijai reikia vos 5&deg; pos\u016bkio kampo, kad b\u016bt\u0173 galima pasukti tvirtinimo detal\u0119<br \/>\n\t\u012eleid\u017eiama perjungimo svirtis leid\u017eia vartotojui pakeisti krypt\u012f viena ranka, nenuimant terk\u0161l\u0117s<br \/>\n\tIlga rankena, kad b\u016bt\u0173 lengviau pasiekti ir padidinti svert\u0105<br \/>\n\tU\u017edara terk\u0161l\u0117s galvut\u0117s konstrukcija apsaugo nuo ne\u0161varum\u0173 \u012fsiskverbimo, kad b\u016bt\u0173 galima nuolat ir efektyviai naudoti<br \/>\n\tOvalo formos, \u017eemo profilio galvut\u0117 ir \u012fleid\u017eiama \u012fjungimo\/i\u0161jungimo jungiklis leid\u017eia geriau pasiekti ank\u0161tas vietas<br \/>\n\tDviej\u0173 med\u017eiag\u0173 rankena, kad b\u016bt\u0173 patogiau ir ergonomi\u0161kiau laikyti<br \/>\n\tRy\u0161ki, visi\u0161kai blizgi chromuota apdaila lengvai valoma ir atspari korozijai<br \/>\n\tChromo vanad\u017eio legiruotas plienas (Cr-V) u\u017etikrina i\u0161skirtin\u012f tvirtum\u0105 ir ilgaam\u017ei\u0161kum\u0105&nbsp;<\/p>","protected":false},"excerpt":{"rendered":"<p>7 pad\u0117\u010di\u0173 lanksti galvut\u0117 suteikia prieig\u0105 prie sunkiai pasiekiam\u0173 tvirtinimo detali\u0173 72 dant\u0173 terk\u0161l\u0117s konstrukcijai reikia vos 5&deg; pos\u016bkio kampo, kad b\u016bt\u0173 galima pasukti tvirtinimo detal\u0119 72 dant\u0173 terk\u0161l\u0117s konstrukcijai<\/p>","protected":false},"featured_media":423542,"comment_status":"closed","ping_status":"closed","template":"","meta":[],"product_cat":[11219,11215,10287,11080],"product_tag":[],"class_list":{"0":"post-423540","1":"product","2":"type-product","3":"status-publish","4":"has-post-thumbnail","6":"product_brand-sata","7":"product_cat-1-4-galvutes-galvuciu-priedai-galvutes-adapteriai-rankiniai-irankiai","8":"product_cat-galvutes-adapteriai-rankiniai-irankiai","9":"product_cat-prekiu-katalogas","10":"product_cat-rankiniai-irankiai","12":"first","13":"instock","14":"purchasable","15":"product-type-simple"},"jetpack_sharing_enabled":true,"_links":{"self":[{"href":"https:\/\/raktoras.lt\/ru\/wp-json\/wp\/v2\/product\/423540","targetHints":{"allow":["GET"]}}],"collection":[{"href":"https:\/\/raktoras.lt\/ru\/wp-json\/wp\/v2\/product"}],"about":[{"href":"https:\/\/raktoras.lt\/ru\/wp-json\/wp\/v2\/types\/product"}],"replies":[{"embeddable":true,"href":"https:\/\/raktoras.lt\/ru\/wp-json\/wp\/v2\/comments?post=423540"}],"version-history":[{"count":1,"href":"https:\/\/raktoras.lt\/ru\/wp-json\/wp\/v2\/product\/423540\/revisions"}],"predecessor-version":[{"id":423541,"href":"https:\/\/raktoras.lt\/ru\/wp-json\/wp\/v2\/product\/423540\/revisions\/423541"}],"wp:featuredmedia":[{"embeddable":true,"href":"https:\/\/raktoras.lt\/ru\/wp-json\/wp\/v2\/media\/423542"}],"wp:attachment":[{"href":"https:\/\/raktoras.lt\/ru\/wp-json\/wp\/v2\/media?parent=423540"}],"wp:term":[{"taxonomy":"product_cat","embeddable":true,"href":"https:\/\/raktoras.lt\/ru\/wp-json\/wp\/v2\/product_cat?post=423540"},{"taxonomy":"product_tag","embeddable":true,"href":"https:\/\/raktoras.lt\/ru\/wp-json\/wp\/v2\/product_tag?post=423540"}],"curies":[{"name":"wp","href":"https:\/\/api.w.org\/{rel}","templated":true}]}}