{"id":423546,"date":"2026-01-19T08:11:21","date_gmt":"2026-01-19T08:11:21","guid":{"rendered":"https:\/\/raktoras.lt\/product\/terksle-reversine-1-4-60th-120p-ovalo-formos-galvute-ergononime-rankena\/"},"modified":"2026-01-19T08:44:04","modified_gmt":"2026-01-19T08:44:04","slug":"terksle-reversine-1-4-60th-120p-ovalo-formos-galvute-ergononime-rankena","status":"publish","type":"product","link":"https:\/\/raktoras.lt\/ru\/product\/terksle-reversine-1-4-60th-120p-ovalo-formos-galvute-ergononime-rankena\/","title":{"rendered":"Terk\u0161l\u0117 reversin\u0117 1\/4&#8243; 60TH 120P (ovalo formos galvut\u0117, ergononim\u0117 rankena)"},"content":{"rendered":"<p>Sukurta su 120 fiksavimo pad\u0117\u010di\u0173, kurios u\u017etikrina minimal\u0173 tik 3&deg; \u012fjungimo kamp\u0105 &ndash; galima dirbti ank\u0161tose vietose.<br \/>\n\tSu dviem paslinktais skl\u0105s\u010diais &ndash; 120 dant\u0173 smulkumas, 60 dant\u0173 storis.<br \/>\n\tU\u017edaro tipo reketo galvut\u0117 neleid\u017eia patekti ne\u0161varumams.<br \/>\n\t\u012eleid\u017eiama jungiklio svirtis.<br \/>\n\tA\u0161aros formos plok\u0161\u010dia galvut\u0117.<br \/>\n\tDviej\u0173 komponent\u0173 rankena u\u017etikrina didel\u012f komfort\u0105 ir ergonomik\u0105.<br \/>\n\tBlizgiai chromuota &ndash; lengvai valoma ir atspari korozijai.<br \/>\n\tPagaminta i\u0161 chromo vanad\u017eio plieno (Cr-V).&nbsp;<\/p>","protected":false},"excerpt":{"rendered":"<p>Sukurta su 120 fiksavimo pad\u0117\u010di\u0173, kurios u\u017etikrina minimal\u0173 tik 3&deg; \u012fjungimo kamp\u0105 &ndash; galima dirbti ank\u0161tose vietose. Su dviem paslinktais skl\u0105s\u010diais &ndash; 120 dant\u0173 smulkumas, 60 dant\u0173 storis. U\u017edaro tipo<\/p>","protected":false},"featured_media":423548,"comment_status":"closed","ping_status":"closed","template":"","meta":[],"product_cat":[11219,11215,10287,11080],"product_tag":[],"class_list":{"0":"post-423546","1":"product","2":"type-product","3":"status-publish","4":"has-post-thumbnail","6":"product_brand-sata","7":"product_cat-1-4-galvutes-galvuciu-priedai-galvutes-adapteriai-rankiniai-irankiai","8":"product_cat-galvutes-adapteriai-rankiniai-irankiai","9":"product_cat-prekiu-katalogas","10":"product_cat-rankiniai-irankiai","12":"first","13":"instock","14":"purchasable","15":"product-type-simple"},"jetpack_sharing_enabled":true,"_links":{"self":[{"href":"https:\/\/raktoras.lt\/ru\/wp-json\/wp\/v2\/product\/423546","targetHints":{"allow":["GET"]}}],"collection":[{"href":"https:\/\/raktoras.lt\/ru\/wp-json\/wp\/v2\/product"}],"about":[{"href":"https:\/\/raktoras.lt\/ru\/wp-json\/wp\/v2\/types\/product"}],"replies":[{"embeddable":true,"href":"https:\/\/raktoras.lt\/ru\/wp-json\/wp\/v2\/comments?post=423546"}],"version-history":[{"count":1,"href":"https:\/\/raktoras.lt\/ru\/wp-json\/wp\/v2\/product\/423546\/revisions"}],"predecessor-version":[{"id":423547,"href":"https:\/\/raktoras.lt\/ru\/wp-json\/wp\/v2\/product\/423546\/revisions\/423547"}],"wp:featuredmedia":[{"embeddable":true,"href":"https:\/\/raktoras.lt\/ru\/wp-json\/wp\/v2\/media\/423548"}],"wp:attachment":[{"href":"https:\/\/raktoras.lt\/ru\/wp-json\/wp\/v2\/media?parent=423546"}],"wp:term":[{"taxonomy":"product_cat","embeddable":true,"href":"https:\/\/raktoras.lt\/ru\/wp-json\/wp\/v2\/product_cat?post=423546"},{"taxonomy":"product_tag","embeddable":true,"href":"https:\/\/raktoras.lt\/ru\/wp-json\/wp\/v2\/product_tag?post=423546"}],"curies":[{"name":"wp","href":"https:\/\/api.w.org\/{rel}","templated":true}]}}