{"id":423555,"date":"2026-01-19T08:11:30","date_gmt":"2026-01-19T08:11:30","guid":{"rendered":"https:\/\/raktoras.lt\/product\/trapecinis-peilis-su-keiciama-gelezte-uzsilenkiantis-kompaktiskas-19mm\/"},"modified":"2026-01-19T08:27:53","modified_gmt":"2026-01-19T08:27:53","slug":"trapecinis-peilis-su-keiciama-gelezte-uzsilenkiantis-kompaktiskas-19mm","status":"publish","type":"product","link":"https:\/\/raktoras.lt\/ru\/product\/trapecinis-peilis-su-keiciama-gelezte-uzsilenkiantis-kompaktiskas-19mm\/","title":{"rendered":"Trapecinis peilis su kei\u010diama gele\u017ete u\u017esilenkiantis kompakti\u0161kas 19mm"},"content":{"rendered":"<p>SK2 peiliukai ilgesniam peiliuk\u0173 tarnavimo laikui<br \/>\n\tKorpusas pagamintas i\u0161 aliuminio ir gumos, kad b\u016bt\u0173 u\u017etikrintas maksimalus komfortas ir sukibimas<br \/>\n\tSulankstomas peiliukas fiksuojamas atidarytoje arba u\u017edarytoje pad\u0117tyje, kad b\u016bt\u0173 u\u017etikrintas didesnis saugumas ir kontrol\u0117<br \/>\n\tSlankiklis leid\u017eia greitai pakeisti peiliuk\u0105 be \u012franki\u0173<br \/>\n\tPakei\u010diami peiliukai: ST93434A ir ST93435A<\/p>\n<p>Peiliuko ilgis &ndash; 60 mm<br \/>\n\tPeiliuko plotis &ndash; 19 mm&nbsp;<\/p>","protected":false},"excerpt":{"rendered":"<p>SK2 peiliukai ilgesniam peiliuk\u0173 tarnavimo laikui Korpusas pagamintas i\u0161 aliuminio ir gumos, kad b\u016bt\u0173 u\u017etikrintas maksimalus komfortas ir sukibimas Sulankstomas peiliukas fiksuojamas atidarytoje arba u\u017edarytoje pad\u0117tyje, kad b\u016bt\u0173 u\u017etikrintas didesnis<\/p>","protected":false},"featured_media":423557,"comment_status":"closed","ping_status":"closed","template":"","meta":[],"product_cat":[11092,10287,11080,11083],"product_tag":[],"class_list":{"0":"post-423555","1":"product","2":"type-product","3":"status-publish","4":"has-post-thumbnail","6":"product_brand-sata","7":"product_cat-pjovikliai-pjuklai-vielos-ir-kabelio-zirkles-reples-zirkles-pjovimo-irankiai-rankiniai-irankiai","8":"product_cat-prekiu-katalogas","9":"product_cat-rankiniai-irankiai","10":"product_cat-reples-zirkles-pjovimo-irankiai-rankiniai-irankiai","12":"first","13":"instock","14":"purchasable","15":"product-type-simple"},"jetpack_sharing_enabled":true,"_links":{"self":[{"href":"https:\/\/raktoras.lt\/ru\/wp-json\/wp\/v2\/product\/423555","targetHints":{"allow":["GET"]}}],"collection":[{"href":"https:\/\/raktoras.lt\/ru\/wp-json\/wp\/v2\/product"}],"about":[{"href":"https:\/\/raktoras.lt\/ru\/wp-json\/wp\/v2\/types\/product"}],"replies":[{"embeddable":true,"href":"https:\/\/raktoras.lt\/ru\/wp-json\/wp\/v2\/comments?post=423555"}],"version-history":[{"count":1,"href":"https:\/\/raktoras.lt\/ru\/wp-json\/wp\/v2\/product\/423555\/revisions"}],"predecessor-version":[{"id":423556,"href":"https:\/\/raktoras.lt\/ru\/wp-json\/wp\/v2\/product\/423555\/revisions\/423556"}],"wp:featuredmedia":[{"embeddable":true,"href":"https:\/\/raktoras.lt\/ru\/wp-json\/wp\/v2\/media\/423557"}],"wp:attachment":[{"href":"https:\/\/raktoras.lt\/ru\/wp-json\/wp\/v2\/media?parent=423555"}],"wp:term":[{"taxonomy":"product_cat","embeddable":true,"href":"https:\/\/raktoras.lt\/ru\/wp-json\/wp\/v2\/product_cat?post=423555"},{"taxonomy":"product_tag","embeddable":true,"href":"https:\/\/raktoras.lt\/ru\/wp-json\/wp\/v2\/product_tag?post=423555"}],"curies":[{"name":"wp","href":"https:\/\/api.w.org\/{rel}","templated":true}]}}