{"id":423558,"date":"2026-01-19T08:11:34","date_gmt":"2026-01-19T08:11:34","guid":{"rendered":"https:\/\/raktoras.lt\/product\/galvuciu-rinkinys-1-4-49vnt-120xp\/"},"modified":"2026-03-01T03:25:50","modified_gmt":"2026-03-01T03:25:50","slug":"galvuciu-rinkinys-1-4-49vnt-120xp","status":"publish","type":"product","link":"https:\/\/raktoras.lt\/ru\/product\/galvuciu-rinkinys-1-4-49vnt-120xp\/","title":{"rendered":"Galvu\u010di\u0173 rinkinys 1\/4&#8243; 49vnt. 120XP"},"content":{"rendered":"<p>SATA 49 dali\u0173 1\/4&#8243; galvu\u010di\u0173 ir antgali\u0173 rinkinys, idealiai tinkantis profesionalams ir entuziastams, ie\u0161kantiems grei\u010dio, tikslumo ir organizuotumo, sujungia auk\u0161\u010diausi\u0105 kokyb\u0119 su prakti\u0161kais sprendimais kasdien\u0117ms dirbtuv\u0117ms ar bendroms prie\u017ei\u016bros u\u017eduotims.<br \/>\n120 dant\u0173 terk\u0161l\u0117 (1\/4 colio): itin tikslus jud\u0117jimas, sukimosi kampas tik 5\u00b0 \u2013 idealiai tinka ank\u0161toms erdv\u0117ms.<\/p>","protected":false},"excerpt":{"rendered":"<p>SATA 49 dali\u0173 1\/4&#8243; galvu\u010di\u0173 ir antgali\u0173 rinkinys, idealiai tinkantis profesionalams ir entuziastams, ie\u0161kantiems grei\u010dio, tikslumo ir organizuotumo, sujungia auk\u0161\u010diausi\u0105 kokyb\u0119 su prakti\u0161kais sprendimais kasdien\u0117ms dirbtuv\u0117ms ar bendroms prie\u017ei\u016bros u\u017eduotims.<\/p>","protected":false},"featured_media":423560,"comment_status":"closed","ping_status":"closed","template":"","meta":[],"product_cat":[11317,11215,10287,11080],"product_tag":[],"class_list":{"0":"post-423558","1":"product","2":"type-product","3":"status-publish","4":"has-post-thumbnail","6":"product_brand-sata","7":"product_cat-1-4-galvuciu-rinkiniai-galvutes-adapteriai-rankiniai-irankiai","8":"product_cat-galvutes-adapteriai-rankiniai-irankiai","9":"product_cat-prekiu-katalogas","10":"product_cat-rankiniai-irankiai","12":"first","13":"instock","14":"purchasable","15":"product-type-simple"},"jetpack_sharing_enabled":true,"_links":{"self":[{"href":"https:\/\/raktoras.lt\/ru\/wp-json\/wp\/v2\/product\/423558","targetHints":{"allow":["GET"]}}],"collection":[{"href":"https:\/\/raktoras.lt\/ru\/wp-json\/wp\/v2\/product"}],"about":[{"href":"https:\/\/raktoras.lt\/ru\/wp-json\/wp\/v2\/types\/product"}],"replies":[{"embeddable":true,"href":"https:\/\/raktoras.lt\/ru\/wp-json\/wp\/v2\/comments?post=423558"}],"version-history":[{"count":2,"href":"https:\/\/raktoras.lt\/ru\/wp-json\/wp\/v2\/product\/423558\/revisions"}],"predecessor-version":[{"id":423620,"href":"https:\/\/raktoras.lt\/ru\/wp-json\/wp\/v2\/product\/423558\/revisions\/423620"}],"wp:featuredmedia":[{"embeddable":true,"href":"https:\/\/raktoras.lt\/ru\/wp-json\/wp\/v2\/media\/423560"}],"wp:attachment":[{"href":"https:\/\/raktoras.lt\/ru\/wp-json\/wp\/v2\/media?parent=423558"}],"wp:term":[{"taxonomy":"product_cat","embeddable":true,"href":"https:\/\/raktoras.lt\/ru\/wp-json\/wp\/v2\/product_cat?post=423558"},{"taxonomy":"product_tag","embeddable":true,"href":"https:\/\/raktoras.lt\/ru\/wp-json\/wp\/v2\/product_tag?post=423558"}],"curies":[{"name":"wp","href":"https:\/\/api.w.org\/{rel}","templated":true}]}}