{"id":423600,"date":"2026-01-19T08:12:20","date_gmt":"2026-01-19T08:12:20","guid":{"rendered":"https:\/\/raktoras.lt\/product\/traversa-variklio-laikiklis-su-skersine-sija-320kg\/"},"modified":"2026-01-19T08:17:45","modified_gmt":"2026-01-19T08:17:45","slug":"traversa-variklio-laikiklis-su-skersine-sija-320kg","status":"publish","type":"product","link":"https:\/\/raktoras.lt\/ru\/product\/traversa-variklio-laikiklis-su-skersine-sija-320kg\/","title":{"rendered":"Traversa &#8211; variklio laikiklis su skersine sija 320kg"},"content":{"rendered":"<p>Labai plataus ilgio ir plo\u010dio reguliavimo diapazonas<br \/>\n\tGumuotos atramin\u0117s kojel\u0117s neleid\u017eia paslysti ir nepa\u017eeisti pavir\u0161iaus<br \/>\n\tKeliamoji galia 320 kg<br \/>\n\tReguliavimo diapazonas 0 &#8211; 205 mm<br \/>\n\tDarbinis diapazonas 900 &#8211; 1600 mm<br \/>\n\tSvoris 19 kg<br \/>\n\tPakuot\u0117s dydis 1660 x 200 x 100 mm&nbsp;<\/p>","protected":false},"excerpt":{"rendered":"<p>Labai plataus ilgio ir plo\u010dio reguliavimo diapazonas Gumuotos atramin\u0117s kojel\u0117s neleid\u017eia paslysti ir nepa\u017eeisti pavir\u0161iaus Keliamoji galia 320 kg Reguliavimo diapazonas 0 &#8211; 205 mm Darbinis diapazonas 900 &#8211; 1600<\/p>","protected":false},"featured_media":423602,"comment_status":"closed","ping_status":"closed","template":"","meta":[],"product_cat":[11095,10287,11166],"product_tag":[],"class_list":{"0":"post-423600","1":"product","2":"type-product","3":"status-publish","4":"has-post-thumbnail","6":"product_cat-autoservisu-iranga-prekiu-katalogas","7":"product_cat-prekiu-katalogas","8":"product_cat-stendai-variklio-balansyrai-traversos-autoservisu-iranga-prekiu-katalogas","10":"first","11":"instock","12":"purchasable","13":"product-type-simple"},"jetpack_sharing_enabled":true,"_links":{"self":[{"href":"https:\/\/raktoras.lt\/ru\/wp-json\/wp\/v2\/product\/423600","targetHints":{"allow":["GET"]}}],"collection":[{"href":"https:\/\/raktoras.lt\/ru\/wp-json\/wp\/v2\/product"}],"about":[{"href":"https:\/\/raktoras.lt\/ru\/wp-json\/wp\/v2\/types\/product"}],"replies":[{"embeddable":true,"href":"https:\/\/raktoras.lt\/ru\/wp-json\/wp\/v2\/comments?post=423600"}],"version-history":[{"count":1,"href":"https:\/\/raktoras.lt\/ru\/wp-json\/wp\/v2\/product\/423600\/revisions"}],"predecessor-version":[{"id":423601,"href":"https:\/\/raktoras.lt\/ru\/wp-json\/wp\/v2\/product\/423600\/revisions\/423601"}],"wp:featuredmedia":[{"embeddable":true,"href":"https:\/\/raktoras.lt\/ru\/wp-json\/wp\/v2\/media\/423602"}],"wp:attachment":[{"href":"https:\/\/raktoras.lt\/ru\/wp-json\/wp\/v2\/media?parent=423600"}],"wp:term":[{"taxonomy":"product_cat","embeddable":true,"href":"https:\/\/raktoras.lt\/ru\/wp-json\/wp\/v2\/product_cat?post=423600"},{"taxonomy":"product_tag","embeddable":true,"href":"https:\/\/raktoras.lt\/ru\/wp-json\/wp\/v2\/product_tag?post=423600"}],"curies":[{"name":"wp","href":"https:\/\/api.w.org\/{rel}","templated":true}]}}